{"id":653,"date":"2018-05-25T11:34:26","date_gmt":"2018-05-25T08:34:26","guid":{"rendered":"https:\/\/www.miniplume.com\/?post_type=product&#038;p=653"},"modified":"2021-02-21T20:18:24","modified_gmt":"2021-02-21T17:18:24","slug":"moony-m-%d1%82%d1%80%d1%83%d1%81%d0%b8%d0%ba%d0%b8-%d0%b4%d0%bb%d1%8f-%d0%bf%d0%be%d0%bb%d0%b7%d0%b0%d1%8e%d1%89%d0%b8%d1%85-5-9-%d0%ba%d0%b3-58-%d1%88%d1%82","status":"publish","type":"product","link":"https:\/\/www.miniplume.com\/fr\/shop\/moony-m-%d1%82%d1%80%d1%83%d1%81%d0%b8%d0%ba%d0%b8-%d0%b4%d0%bb%d1%8f-%d0%bf%d0%be%d0%bb%d0%b7%d0%b0%d1%8e%d1%89%d0%b8%d1%85-5-9-%d0%ba%d0%b3-58-%d1%88%d1%82\/","title":{"rendered":"Moony M culottes pour les b\u00e9b\u00e9s qui rampent, 5-9 Kg, 58 pcs"},"content":{"rendered":"<p>Les couches-culottes Moony M sont con\u00e7us pour les b\u00e9b\u00e9s de 5 \u00e0 9 kg, qui rampent d\u00e9j\u00e0. UNICHARM a fait ces couches-culottes\u00a0sp\u00e9cialement pour les b\u00e9b\u00e9s qui ont d\u00e9j\u00e0 commenc\u00e9 \u00e0 ramper. Elles sont plus denses pour les jambes et le ventre de l&rsquo;enfant. Aucun inconv\u00e9nient, les couches sont tr\u00e8s doux et tendres, mais prot\u00e8gent contre les fuites. La ceinture est faite sous la forme d&rsquo;un pli qui, si n\u00e9cessaire, peut \u00eatre \u00e9tir\u00e9 deux fois.<\/p>\n<p>Le c\u00f4t\u00e9 int\u00e9rieur de la couche est constitu\u00e9 de coton naturel qui prot\u00e8ge la peau sensible du b\u00e9b\u00e9.<\/p>\n<p>La face interne de la couche absorbe le liquide rapidement. Les couches sont s\u00fbres et confortables et sont constitu\u00e9es de mat\u00e9riaux doux qui n&rsquo;irritent pas la peau, elles sont hypoallerg\u00e9niques.<\/p>\n<p>Le nouveau mat\u00e9riau Soft Retch n&rsquo;endommage pas la peau, mais gr\u00e2ce \u00e0 sa douceur, il cr\u00e9e le sentiment que votre b\u00e9b\u00e9 est en culotte ordinaire. Le mat\u00e9riau Soft Retch est un mat\u00e9riau extensible, donc les bandes \u00e9lastiques habituellement utilis\u00e9es dans les zones de la taille et des jambes ne sont pas utilis\u00e9es dans ces couches!<\/p>\n<p>La surface int\u00e9rieure contient des extraits des plantes m\u00e9dicinales ayant une action antiseptique. Les protections lat\u00e9rales prot\u00e8gent de mani\u00e8re fiable contre des fuites. Il est tr\u00e8s facile d\u2019enlever les couches, il suffit de les d\u00e9chirer sur les cot\u00e9s.<\/p>\n<p>Les avantages :<\/p>\n<ul>\n<li>Doux, l\u00e9ger, tendre, tr\u00e8s respirant et ne g\u00eane pas les mouvements du b\u00e9b\u00e9<\/li>\n<li>Aucune pression sur le ventre du b\u00e9b\u00e9, \u00e9vite les fuites, garde le b\u00e9b\u00e9 \u00e0 l&rsquo;aise<\/li>\n<li>Dispose d&rsquo;un indicateur de remplissage<\/li>\n<\/ul>\n<p><\/p>","protected":false},"excerpt":{"rendered":"<div class=\"cc-product-infolink j-product__info__link\"><a class=\"cc-no-clickable-arrow\" href=\"\/inform-transp\/\" rel=\"nofollow\">TVA incluse, hors frais de port <\/a><\/div>\n<ul class=\"cc-shop-product-availability j-product-details\">\n<li class=\"cc-shop-product-pool j-product-pool j-product-pool-status-1 cc-shop-product-pool-variant-1\">disponible<\/li>\n<li class=\"cc-product-delivery-time-info j-product-delivery-time cc-delivery-time-variant-1 j-product-delivery-time-status-1\">1 \u00e0 3 jours de d\u00e9lai de livraison<\/li>\n<li>culottes<\/li>\n<li>58 pcs<\/li>\n<\/ul>\n","protected":false},"featured_media":654,"comment_status":"closed","ping_status":"closed","template":"","meta":[],"product_cat":[28,93,94],"product_tag":[134,132,138],"_links":{"self":[{"href":"https:\/\/www.miniplume.com\/fr\/wp-json\/wp\/v2\/product\/653"}],"collection":[{"href":"https:\/\/www.miniplume.com\/fr\/wp-json\/wp\/v2\/product"}],"about":[{"href":"https:\/\/www.miniplume.com\/fr\/wp-json\/wp\/v2\/types\/product"}],"replies":[{"embeddable":true,"href":"https:\/\/www.miniplume.com\/fr\/wp-json\/wp\/v2\/comments?post=653"}],"wp:featuredmedia":[{"embeddable":true,"href":"https:\/\/www.miniplume.com\/fr\/wp-json\/wp\/v2\/media\/654"}],"wp:attachment":[{"href":"https:\/\/www.miniplume.com\/fr\/wp-json\/wp\/v2\/media?parent=653"}],"wp:term":[{"taxonomy":"product_cat","embeddable":true,"href":"https:\/\/www.miniplume.com\/fr\/wp-json\/wp\/v2\/product_cat?post=653"},{"taxonomy":"product_tag","embeddable":true,"href":"https:\/\/www.miniplume.com\/fr\/wp-json\/wp\/v2\/product_tag?post=653"}],"curies":[{"name":"wp","href":"https:\/\/api.w.org\/{rel}","templated":true}]}}