{"id":352,"date":"2017-11-03T01:12:34","date_gmt":"2017-11-02T22:12:34","guid":{"rendered":"http:\/\/miniplume.com\/?post_type=product&#038;p=352"},"modified":"2020-08-25T22:10:34","modified_gmt":"2020-08-25T19:10:34","slug":"pansement-kobayashi-pour-bebe","status":"publish","type":"product","link":"https:\/\/www.miniplume.com\/fr\/shop\/pansement-kobayashi-pour-bebe\/","title":{"rendered":"Pansement antipyr\u00e9tique KOBAYASHI (de 0 mois)"},"content":{"rendered":"<p>Ce pansement antipyr\u00e9tique KOBAYASHI est une solution id\u00e9ale pour vos b\u00e9b\u00e9s pendant la fi\u00e8vre non-importante ou pendant la p\u00e9riode de croissance des dents.<\/p>\n<ul>\n<li>Il refroidit la surface de la peau, soulage la fi\u00e8vre, les sensations douloureuses dans les zones de contusions et les processus inflammatoires internes.<\/li>\n<li>Effet de refroidissement jusqu\u2019\u00e0 8 heures.<\/li>\n<li>Comment utiliser: S\u00e9parer le film de protection, mettre le patch sur la zone cibl\u00e9e et appuyer fermement. Ne pas coller sur la bouche et sur les yeux!<\/li>\n<li>Indications d\u2019utilisation: fi\u00e8vre, maux de t\u00eate, mal de dents, douleur d&rsquo;h\u00e9matomes, insomnie, fatigue s\u00e9v\u00e8re.<\/li>\n<li>Pr\u00e9cautions: Ce pansement n\u2019est pas un m\u00e9dicament, donc il peut \u00eatre utilis\u00e9 sans prescription m\u00e9dicale. Mais il n\u2019est pas recommand\u00e9 pour les personnes souffrant de r\u00e9actions allergiques aux pr\u00e9parations contenant du menthol ou des collo\u00efdes. Ne pas appliquer le patch sur les plaies ouvertes, les rayures, les muqueuses.<\/li>\n<li>En car de forte fi\u00e8vre consulter votre m\u00e9decin.<\/li>\n<li>Conditions de stockage: conserver dans un endroit frais et sombre, loin des sources de chaleur. Pour augmenter l\u2019efficacit\u00e9 de l\u2019action avant utilisation, mettre au r\u00e9frig\u00e9rateur, mais pas dans le cong\u00e9lateur.<\/li>\n<li>Arr\u00eatez l\u2019utilisation en cas d\u2019allergies, de d\u00e9mangeaisons, de douleur.<\/li>\n<li>Composition: L-menthol, la composition macromol\u00e9culaire, un complexe d\u2019additifs aromatiques: le romarin, le muscat, le thym, la menthe, l\u2019eucalyptus, la lavande.<\/li>\n<li>Sans colorants, sans odeur, hypoallerg\u00e9nique.<\/li>\n<\/ul>\n<p><\/p>","protected":false},"excerpt":{"rendered":"<div class=\"cc-product-infolink j-product__info__link\"><a class=\"cc-no-clickable-arrow\" href=\"\/inform-transp\/\" rel=\"nofollow\"> TVA incluse, hors frais de port <\/a><\/div>\n<ul class=\"cc-shop-product-availability j-product-details\">\n<li class=\"j-product-weight\">pansement antipyr\u00e9tique et antidouleurs<\/li>\n<li class=\"cc-shop-product-pool j-product-pool j-product-pool-status-1 cc-shop-product-pool-variant-1\">disponible<\/li>\n<li class=\"cc-product-delivery-time-info j-product-delivery-time cc-delivery-time-variant-1 j-product-delivery-time-status-1\">1 \u00e0 3 jours de d\u00e9lai de livraison<\/li>\n<li>12 + 4 pcs<\/li>\n<\/ul>\n","protected":false},"featured_media":472,"comment_status":"closed","ping_status":"closed","template":"","meta":[],"product_cat":[32],"product_tag":[147,146],"_links":{"self":[{"href":"https:\/\/www.miniplume.com\/fr\/wp-json\/wp\/v2\/product\/352"}],"collection":[{"href":"https:\/\/www.miniplume.com\/fr\/wp-json\/wp\/v2\/product"}],"about":[{"href":"https:\/\/www.miniplume.com\/fr\/wp-json\/wp\/v2\/types\/product"}],"replies":[{"embeddable":true,"href":"https:\/\/www.miniplume.com\/fr\/wp-json\/wp\/v2\/comments?post=352"}],"wp:featuredmedia":[{"embeddable":true,"href":"https:\/\/www.miniplume.com\/fr\/wp-json\/wp\/v2\/media\/472"}],"wp:attachment":[{"href":"https:\/\/www.miniplume.com\/fr\/wp-json\/wp\/v2\/media?parent=352"}],"wp:term":[{"taxonomy":"product_cat","embeddable":true,"href":"https:\/\/www.miniplume.com\/fr\/wp-json\/wp\/v2\/product_cat?post=352"},{"taxonomy":"product_tag","embeddable":true,"href":"https:\/\/www.miniplume.com\/fr\/wp-json\/wp\/v2\/product_tag?post=352"}],"curies":[{"name":"wp","href":"https:\/\/api.w.org\/{rel}","templated":true}]}}