{"id":350,"date":"2017-11-03T01:07:28","date_gmt":"2017-11-02T22:07:28","guid":{"rendered":"http:\/\/miniplume.com\/?post_type=product&#038;p=350"},"modified":"2026-01-17T21:59:59","modified_gmt":"2026-01-17T18:59:59","slug":"lingettes-pour-bebe-merries-64-pcs","status":"publish","type":"product","link":"https:\/\/www.miniplume.com\/fr\/shop\/lingettes-pour-bebe-merries-64-pcs\/","title":{"rendered":"Lingettes pour b\u00e9b\u00e9 Merries (64 pcs) &#8211; papier toilette humide"},"content":{"rendered":"<p><\/p>\n<ul>\n<li>La peau du b\u00e9b\u00e9 est tr\u00e8s sensible, donc l\u2019utilisation fr\u00e9quente de l\u2019eau et des d\u00e9tergents peut provoquer des r\u00e9actions ind\u00e9sirables. En outre, dans certaines situations, il n\u2019est pas si facile de laver un b\u00e9b\u00e9, et les lingettes jetables Merries sont sp\u00e9cialement con\u00e7ues pour \u00eatre utilis\u00e9es dans les toilettes, car elles se dissolvent facilement dans l\u2019eau.<\/li>\n<li>Les lingettes Merries sont du papier hygi\u00e9nique humide, elles sont donc tr\u00e8s pratiques \u00e0 utiliser lorsqu\u2019on se tourne vers un pot \u2013 apr\u00e8s utilisation, jetez-les dans les toilettes!<\/li>\n<li>Les serviettes sont impr\u00e9gn\u00e9es d\u2019une lotion sp\u00e9ciale qui n\u2019irrite pas la peau du b\u00e9b\u00e9 et nettoie facilement toute la salet\u00e9.<\/li>\n<li>Ne provoque pas d\u2019allergies ou de rougeurs.<\/li>\n<li>Elles sont recommand\u00e9es \u00e0 partir de 3 mois.<\/li>\n<li>Lingettes Merries ont une faible acidit\u00e9, comme la peau humaine.<\/li>\n<li>Peut \u00eatre utilis\u00e9 pour les mains et le corps.<\/li>\n<li>Fabriqu\u00e9es avec de la cellulose molle, ne contient pas d\u2019ar\u00f4mes et d\u2019alcool.<\/li>\n<\/ul>\n<p><\/p>","protected":false},"excerpt":{"rendered":"<div class=\"cc-product-infolink j-product__info__link\">\n<div class=\"cc-product-infolink j-product__info__link\">\n<div class=\"cc-product-infolink j-product__info__link\"><a class=\"cc-no-clickable-arrow\" href=\"\/inform-transp\/\" rel=\"nofollow\">TVA incluse, hors frais de port <\/a><\/div>\n<ul class=\"cc-shop-product-availability j-product-details\">\n<li class=\"j-product-weight\">papier toilette humide Merries sans odeur, sans alcools<\/li>\n<li>jetable dans les toilettes<\/li>\n<li class=\"cc-shop-product-pool j-product-pool j-product-pool-status-1 cc-shop-product-pool-variant-1\">disponible<\/li>\n<li class=\"cc-product-delivery-time-info j-product-delivery-time cc-delivery-time-variant-1 j-product-delivery-time-status-1\">1 \u00e0 3 jours de d\u00e9lai de livraison<\/li>\n<li>64 pcs<\/li>\n<\/ul>\n<\/div>\n<\/div>\n","protected":false},"featured_media":533,"comment_status":"closed","ping_status":"closed","template":"","meta":[],"product_cat":[32],"product_tag":[147,158,132,127,128,130,135,136,153],"_links":{"self":[{"href":"https:\/\/www.miniplume.com\/fr\/wp-json\/wp\/v2\/product\/350"}],"collection":[{"href":"https:\/\/www.miniplume.com\/fr\/wp-json\/wp\/v2\/product"}],"about":[{"href":"https:\/\/www.miniplume.com\/fr\/wp-json\/wp\/v2\/types\/product"}],"replies":[{"embeddable":true,"href":"https:\/\/www.miniplume.com\/fr\/wp-json\/wp\/v2\/comments?post=350"}],"wp:featuredmedia":[{"embeddable":true,"href":"https:\/\/www.miniplume.com\/fr\/wp-json\/wp\/v2\/media\/533"}],"wp:attachment":[{"href":"https:\/\/www.miniplume.com\/fr\/wp-json\/wp\/v2\/media?parent=350"}],"wp:term":[{"taxonomy":"product_cat","embeddable":true,"href":"https:\/\/www.miniplume.com\/fr\/wp-json\/wp\/v2\/product_cat?post=350"},{"taxonomy":"product_tag","embeddable":true,"href":"https:\/\/www.miniplume.com\/fr\/wp-json\/wp\/v2\/product_tag?post=350"}],"curies":[{"name":"wp","href":"https:\/\/api.w.org\/{rel}","templated":true}]}}