{"id":348,"date":"2017-11-03T01:05:30","date_gmt":"2017-11-02T22:05:30","guid":{"rendered":"http:\/\/miniplume.com\/?post_type=product&#038;p=348"},"modified":"2021-03-27T20:07:56","modified_gmt":"2021-03-27T17:07:56","slug":"lingettes-pour-bebe-moony-80-pcs","status":"publish","type":"product","link":"https:\/\/www.miniplume.com\/fr\/shop\/lingettes-pour-bebe-moony-80-pcs\/","title":{"rendered":"Lingettes pour b\u00e9b\u00e9 MOONY sans odeur (80 pcs)"},"content":{"rendered":"<p><\/p>\n<ul>\n<li>Les lingettes humides Moony sont sp\u00e9cialement con\u00e7ues pour la peaux tendre de b\u00e9b\u00e9. Elles sont faites avec les mesures de s\u00e9curit\u00e9 les plus strictes.<\/li>\n<li>Ce sont les seules lingettes qui ne laissent pas d\u2019adh\u00e9rence apr\u00e8s utilisation!<\/li>\n<li>Elles sont hypoallerg\u00e9niques, ne contiennent pas de parabens, d\u2019alcool et sans odeur.<\/li>\n<li>Les lingettes Moony sont compos\u00e9es \u00e0 99% d&rsquo;eau.<\/li>\n<li>Extraordinairement doux et mince, elles se composent de trois couches, o\u00f9 la couche interne est constitu\u00e9e d\u2019un mat\u00e9riau \u00e9lastique pour maintenir la forme, et les deux couches externes d\u2019un mat\u00e9riau doux, comme le cachemire, poreux qui nettoie efficacement la peau.<\/li>\n<li>Pr\u00e9serve l\u2019\u00e9quilibre naturel de la peau du b\u00e9b\u00e9.<\/li>\n<li>Vous pouvez les utiliser chaque fois apr\u00e8s avoir changer les couches ainsi que pour l\u2019hygi\u00e8ne des mains et du visage.<\/li>\n<li>Apr\u00e8s utilisation, ne pas les jeter dans les toilettes.<\/li>\n<\/ul>\n<p><\/p>","protected":false},"excerpt":{"rendered":"<div class=\"cc-product-infolink j-product__info__link\">\n<div class=\"cc-product-infolink j-product__info__link\"><a class=\"cc-no-clickable-arrow\" href=\"\/inform-transp\/\" rel=\"nofollow\">TVA incluse, hors frais de port <\/a><\/div>\n<ul class=\"cc-shop-product-availability j-product-details\">\n<li class=\"j-product-weight\">lingettes Moony sans odeur, sans parabens, sans alcools<\/li>\n<li class=\"cc-shop-product-pool j-product-pool j-product-pool-status-1 cc-shop-product-pool-variant-1\">disponible, reste 4<\/li>\n<li class=\"cc-product-delivery-time-info j-product-delivery-time cc-delivery-time-variant-1 j-product-delivery-time-status-1\">1 \u00e0 3 jours de d\u00e9lai de livraison<\/li>\n<li>80 pcs<\/li>\n<\/ul>\n<\/div>\n","protected":false},"featured_media":531,"comment_status":"closed","ping_status":"closed","template":"","meta":[],"product_cat":[32],"product_tag":[147,133,158,132,138,128,130,135,136],"_links":{"self":[{"href":"https:\/\/www.miniplume.com\/fr\/wp-json\/wp\/v2\/product\/348"}],"collection":[{"href":"https:\/\/www.miniplume.com\/fr\/wp-json\/wp\/v2\/product"}],"about":[{"href":"https:\/\/www.miniplume.com\/fr\/wp-json\/wp\/v2\/types\/product"}],"replies":[{"embeddable":true,"href":"https:\/\/www.miniplume.com\/fr\/wp-json\/wp\/v2\/comments?post=348"}],"wp:featuredmedia":[{"embeddable":true,"href":"https:\/\/www.miniplume.com\/fr\/wp-json\/wp\/v2\/media\/531"}],"wp:attachment":[{"href":"https:\/\/www.miniplume.com\/fr\/wp-json\/wp\/v2\/media?parent=348"}],"wp:term":[{"taxonomy":"product_cat","embeddable":true,"href":"https:\/\/www.miniplume.com\/fr\/wp-json\/wp\/v2\/product_cat?post=348"},{"taxonomy":"product_tag","embeddable":true,"href":"https:\/\/www.miniplume.com\/fr\/wp-json\/wp\/v2\/product_tag?post=348"}],"curies":[{"name":"wp","href":"https:\/\/api.w.org\/{rel}","templated":true}]}}