{"id":346,"date":"2017-11-03T01:03:41","date_gmt":"2017-11-02T22:03:41","guid":{"rendered":"http:\/\/miniplume.com\/?post_type=product&#038;p=346"},"modified":"2020-03-17T12:58:57","modified_gmt":"2020-03-17T09:58:57","slug":"ciseaux-pour-bebe-de-0-mois","status":"publish","type":"product","link":"https:\/\/www.miniplume.com\/fr\/shop\/ciseaux-pour-bebe-de-0-mois\/","title":{"rendered":"Ciseaux PIGEON pour b\u00e9b\u00e9 de 0 mois"},"content":{"rendered":"<p>Quand vous coupez les ongles de votre petit b\u00e9b\u00e9, il est tr\u00e8s important de ne pas le blesser et de ne pas lui apporter d&rsquo;infections. Construit avec les derni\u00e8res technologies, les ciseaux PIGEON pour les enfants de 0 mois vont parfaitement faire face \u00e0 cette t\u00e2che!<\/p>\n<ul>\n<li>Lames courtes et tr\u00e8s fines, bords arrondis s\u00e9curitaires permettront de couper les ongles du b\u00e9b\u00e9 sur les mains comme sur les jambes, ne laissant pas les bouts pointus.<\/li>\n<li>Ils ne peuvent pas blesser votre b\u00e9b\u00e9!<\/li>\n<li>Ils coupent facilement les ongles minces et doux du b\u00e9b\u00e9, sans les plier.<\/li>\n<li>Poign\u00e9e ergonomique pour une fixation s\u00e9curis\u00e9e des ciseaux par 3 doigts. M\u00eame avec un mouvement maladroit, ils ne glissent pas hors de la main.<\/li>\n<li>Convient pour les mains droite et gauche.<\/li>\n<li>Etui de rangement hygi\u00e9nique avec la protection contre les bact\u00e9ries.<\/li>\n<li>Fait d\u2019acier inoxydable.<\/li>\n<li>Ne pas faire bouillir, nettoyer \u00e0 la vapeur ou dans le micro-ondes.<\/li>\n<li>Apr\u00e8s utilisation, essuyer simplement avec un mouchoir. Vous pouvez essuyer avec un d\u00e9sinfectant ou une solution d\u2019alcool.<\/li>\n<\/ul>\n<p><\/p>","protected":false},"excerpt":{"rendered":"<div class=\"cc-product-infolink j-product__info__link\"><a class=\"cc-no-clickable-arrow\" href=\"\/inform-transp\/\" rel=\"nofollow\"> TVA incluse, hors frais de port <\/a><\/div>\n<ul class=\"cc-shop-product-availability j-product-details\">\n<li>Les ciseaux les plus s\u00e9curis\u00e9s au monde pour les ongles douces de votre b\u00e9b\u00e9 de 0 mois<\/li>\n<li class=\"cc-shop-product-pool j-product-pool j-product-pool-status-1 cc-shop-product-pool-variant-1\">disponible<\/li>\n<li class=\"cc-product-delivery-time-info j-product-delivery-time cc-delivery-time-variant-1 j-product-delivery-time-status-1\">1 \u00e0 3 jours de d\u00e9lai de livraison<\/li>\n<\/ul>\n","protected":false},"featured_media":475,"comment_status":"closed","ping_status":"closed","template":"","meta":[],"product_cat":[32],"product_tag":[147,152,133,132,130,135,136,153],"_links":{"self":[{"href":"https:\/\/www.miniplume.com\/fr\/wp-json\/wp\/v2\/product\/346"}],"collection":[{"href":"https:\/\/www.miniplume.com\/fr\/wp-json\/wp\/v2\/product"}],"about":[{"href":"https:\/\/www.miniplume.com\/fr\/wp-json\/wp\/v2\/types\/product"}],"replies":[{"embeddable":true,"href":"https:\/\/www.miniplume.com\/fr\/wp-json\/wp\/v2\/comments?post=346"}],"wp:featuredmedia":[{"embeddable":true,"href":"https:\/\/www.miniplume.com\/fr\/wp-json\/wp\/v2\/media\/475"}],"wp:attachment":[{"href":"https:\/\/www.miniplume.com\/fr\/wp-json\/wp\/v2\/media?parent=346"}],"wp:term":[{"taxonomy":"product_cat","embeddable":true,"href":"https:\/\/www.miniplume.com\/fr\/wp-json\/wp\/v2\/product_cat?post=346"},{"taxonomy":"product_tag","embeddable":true,"href":"https:\/\/www.miniplume.com\/fr\/wp-json\/wp\/v2\/product_tag?post=346"}],"curies":[{"name":"wp","href":"https:\/\/api.w.org\/{rel}","templated":true}]}}