{"id":344,"date":"2017-11-03T00:59:23","date_gmt":"2017-11-02T21:59:23","guid":{"rendered":"http:\/\/miniplume.com\/?post_type=product&#038;p=344"},"modified":"2020-03-17T12:59:44","modified_gmt":"2020-03-17T09:59:44","slug":"kiyora-rose-unicharm-japon","status":"publish","type":"product","link":"https:\/\/www.miniplume.com\/fr\/shop\/kiyora-rose-unicharm-japon\/","title":{"rendered":"Prot\u00e8ge-slips Kiyora Sweet (ar\u00f4me de rose)"},"content":{"rendered":"<p><\/p>\n<ul>\n<li>Prot\u00e8ge-slips KIYORA SWEET a une surface respirante, compos\u00e9e d\u2019un mat\u00e9riau doux comme de la soie, qui absorbe imm\u00e9diatement et ne laisse pas d\u2019humidit\u00e9 ni d&rsquo;odeur.<\/li>\n<li>Chaque prot\u00e8ge-slip est emball\u00e9 dans un emballage individuel \u00e9l\u00e9gant avec un motif floral. Mettez-les dans votre sac \u00e0 main ou dans le tiroir de votre garde-robe, et elles vous remonteront le moral!<\/li>\n<li>Les parfums uniques de KIYORA SWEET ont \u00e9t\u00e9 d\u00e9velopp\u00e9s par la maison de parfum sp\u00e9cialement pour UNICHARM, le leader dans la production de produits d\u2019hygi\u00e8ne au Japon.<\/li>\n<li>Les mat\u00e9riaux innovants utilis\u00e9s dans la fabrication des prot\u00e8ge-slips KIYORA ne provoquent pas d\u2019allergies, retiennent de mani\u00e8re fiable l\u2019humidit\u00e9 et les odeurs.<\/li>\n<li>La forme tridimensionnelle du prot\u00e8ge-slip garde parfaitement sa forme. Vous allez vous sentir \u00e0 l\u2019aise toute la journ\u00e9e!<\/li>\n<li>La longueur du prot\u00e8ge-slip est de 14cm.<\/li>\n<\/ul>\n<p><\/p>","protected":false},"excerpt":{"rendered":"<div class=\"cc-product-infolink j-product__info__link\">\n<div class=\"cc-product-infolink j-product__info__link\"><a class=\"cc-no-clickable-arrow\" href=\"\/inform-transp\/\" rel=\"nofollow\">TVA incluse, hors frais de port <\/a><\/div>\n<ul class=\"cc-shop-product-availability j-product-details\">\n<li class=\"j-product-weight\">prot\u00e8ge-slips Kiyora Sweet \u00e0 l&rsquo;ar\u00f4me de rose<\/li>\n<li>qualit\u00e9 japonais, mat\u00e9riaux respirants modernes, ne provoquent pas d&rsquo;allergies<\/li>\n<li class=\"cc-shop-product-pool j-product-pool j-product-pool-status-1 cc-shop-product-pool-variant-1\">disponible<\/li>\n<li class=\"cc-product-delivery-time-info j-product-delivery-time cc-delivery-time-variant-1 j-product-delivery-time-status-1\">1 \u00e0 3 jours de d\u00e9lai de livraison<\/li>\n<li>72 pcs<\/li>\n<\/ul>\n<\/div>\n","protected":false},"featured_media":494,"comment_status":"closed","ping_status":"closed","template":"","meta":[],"product_cat":[31,178,182],"product_tag":[163,171,162],"_links":{"self":[{"href":"https:\/\/www.miniplume.com\/fr\/wp-json\/wp\/v2\/product\/344"}],"collection":[{"href":"https:\/\/www.miniplume.com\/fr\/wp-json\/wp\/v2\/product"}],"about":[{"href":"https:\/\/www.miniplume.com\/fr\/wp-json\/wp\/v2\/types\/product"}],"replies":[{"embeddable":true,"href":"https:\/\/www.miniplume.com\/fr\/wp-json\/wp\/v2\/comments?post=344"}],"wp:featuredmedia":[{"embeddable":true,"href":"https:\/\/www.miniplume.com\/fr\/wp-json\/wp\/v2\/media\/494"}],"wp:attachment":[{"href":"https:\/\/www.miniplume.com\/fr\/wp-json\/wp\/v2\/media?parent=344"}],"wp:term":[{"taxonomy":"product_cat","embeddable":true,"href":"https:\/\/www.miniplume.com\/fr\/wp-json\/wp\/v2\/product_cat?post=344"},{"taxonomy":"product_tag","embeddable":true,"href":"https:\/\/www.miniplume.com\/fr\/wp-json\/wp\/v2\/product_tag?post=344"}],"curies":[{"name":"wp","href":"https:\/\/api.w.org\/{rel}","templated":true}]}}