{"id":340,"date":"2017-11-03T00:56:15","date_gmt":"2017-11-02T21:56:15","guid":{"rendered":"http:\/\/miniplume.com\/?post_type=product&#038;p=340"},"modified":"2022-05-07T03:29:32","modified_gmt":"2022-05-07T00:29:32","slug":"laurier-sans-odeur-kao-japon","status":"publish","type":"product","link":"https:\/\/www.miniplume.com\/fr\/shop\/laurier-sans-odeur-kao-japon\/","title":{"rendered":"Prot\u00e8ge-slips Laurier (sans ar\u00f4mes)"},"content":{"rendered":"<p><\/p>\n<ul>\n<li>Les prot\u00e8ge-slips Laurier sans ar\u00f4mes sont compos\u00e9s de mat\u00e9riaux de haute qualit\u00e9, doux comme la soie, imperceptibles lorsqu\u2019elles sont port\u00e9es.<\/li>\n<li>Ils r\u00e9p\u00e8tent compl\u00e8tement les contours du corps, vous donnent du confort et une sensation de fra\u00eecheur.<\/li>\n<li>La largeur de prot\u00e8ge-slip est seulement 1mm.<\/li>\n<li>Des mat\u00e9riaux respirants modernes sont utilis\u00e9s dans la production.<\/li>\n<li>Ne provoquent pas d\u2019allergies.<\/li>\n<li>Sans ar\u00f4mes.<\/li>\n<li>Gardent leur forme toute la journ\u00e9e, solidement attach\u00e9s aux sous-v\u00eatements.<\/li>\n<\/ul>\n<p><\/p>","protected":false},"excerpt":{"rendered":"<div class=\"cc-product-infolink j-product__info__link\">\n<div class=\"cc-product-infolink j-product__info__link\"><a class=\"cc-no-clickable-arrow\" href=\"\/inform-transp\/\" rel=\"nofollow\">TVA incluse, hors frais de port <\/a><\/div>\n<ul class=\"cc-shop-product-availability j-product-details\">\n<li class=\"j-product-weight\">prot\u00e8ge-slips Laurier sans ar\u00f4mes<\/li>\n<li>qualit\u00e9 japonais, mat\u00e9riaux respirants modernes, ne provoquent pas d&rsquo;allergies<\/li>\n<li class=\"cc-shop-product-pool j-product-pool j-product-pool-status-1 cc-shop-product-pool-variant-1\">disponible<\/li>\n<li class=\"cc-product-delivery-time-info j-product-delivery-time cc-delivery-time-variant-1 j-product-delivery-time-status-1\">1 \u00e0 3 jours de d\u00e9lai de livraison<\/li>\n<li>72 pcs<\/li>\n<\/ul>\n<\/div>\n","protected":false},"featured_media":485,"comment_status":"closed","ping_status":"closed","template":"","meta":[],"product_cat":[31,178,182],"product_tag":[163,164,162],"_links":{"self":[{"href":"https:\/\/www.miniplume.com\/fr\/wp-json\/wp\/v2\/product\/340"}],"collection":[{"href":"https:\/\/www.miniplume.com\/fr\/wp-json\/wp\/v2\/product"}],"about":[{"href":"https:\/\/www.miniplume.com\/fr\/wp-json\/wp\/v2\/types\/product"}],"replies":[{"embeddable":true,"href":"https:\/\/www.miniplume.com\/fr\/wp-json\/wp\/v2\/comments?post=340"}],"wp:featuredmedia":[{"embeddable":true,"href":"https:\/\/www.miniplume.com\/fr\/wp-json\/wp\/v2\/media\/485"}],"wp:attachment":[{"href":"https:\/\/www.miniplume.com\/fr\/wp-json\/wp\/v2\/media?parent=340"}],"wp:term":[{"taxonomy":"product_cat","embeddable":true,"href":"https:\/\/www.miniplume.com\/fr\/wp-json\/wp\/v2\/product_cat?post=340"},{"taxonomy":"product_tag","embeddable":true,"href":"https:\/\/www.miniplume.com\/fr\/wp-json\/wp\/v2\/product_tag?post=340"}],"curies":[{"name":"wp","href":"https:\/\/api.w.org\/{rel}","templated":true}]}}