{"id":330,"date":"2017-11-03T00:43:49","date_gmt":"2017-11-02T21:43:49","guid":{"rendered":"http:\/\/miniplume.com\/?post_type=product&#038;p=330"},"modified":"2020-03-17T13:01:03","modified_gmt":"2020-03-17T10:01:03","slug":"tampons-unicharm-super-plus-25-pcs","status":"publish","type":"product","link":"https:\/\/www.miniplume.com\/fr\/shop\/tampons-unicharm-super-plus-25-pcs\/","title":{"rendered":"Tampons SOFY UNICHARM Super Plus 25 pcs"},"content":{"rendered":"<p><\/p>\n<li>Les tampons avec un applicateur Sofy Unicharm sont cr\u00e9\u00e9s sp\u00e9cifiquement pour oublier la p\u00e9riode menstruelle.<\/li>\n<li>Le tampon a la forme mince et petite, donc il est tr\u00e8s pratique \u00e0 utiliser m\u00eame pour la premi\u00e8re fois, un applicateur souple avec une pointe ronde est facile \u00e0 placer \u00e0 l\u2019int\u00e9rieur.<\/li>\n<li>La longueur de l\u2019applicateur vous permet d\u2019ins\u00e9rer le tampon sans inconfort.<\/li>\n<li>Malgr\u00e9 le fait que le mat\u00e9riau absorbant est tr\u00e8s mince, vous n\u2019allez pas avoir une fuite, car il peut absorber jusqu\u2019\u00e0 5 fois plus d\u2019humidit\u00e9 qu\u2019une serviette ordinaire.<\/li>\n<li>Le temps d\u2019absorption est de 8 heures.<\/li>\n<li>Applicateur plastique de haute qualit\u00e9 est antibact\u00e9rien. Les tampons sont compl\u00e8tement st\u00e9riles.<\/li>\n<li>Apr\u00e8s le trempage, le tampon prend la forme du \u00abplumage de la fl\u00e8che\u00bb, c\u2019est-\u00e0-dire qu\u2019il se bifurque, ne laissant pas l\u2019exc\u00e8s de liquide stagner \u00e0 l\u2019int\u00e9rieur du corps.<\/li>\n<li>Facile \u00e0 enlever.<\/li>\n<\/ul>\n<p>M\u00eame si la p\u00e9riode menstruelle tombe sur un voyage \u00e0 la mer ou un entra\u00eenement \u00e0 la piscine, ne faites pas de soucis et profiter de la vie!<\/li>\n<\/ul>\n<p><\/p>","protected":false},"excerpt":{"rendered":"<div class=\"cc-product-infolink j-product__info__link\">\n<div class=\"cc-product-infolink j-product__info__link\"><a class=\"cc-no-clickable-arrow\" href=\"\/inform-transp\/\" rel=\"nofollow\">TVA incluse, hors frais de port <\/a><\/div>\n<ul class=\"cc-shop-product-availability j-product-details\">\n<li class=\"j-product-weight\">tampons SOFY SUPER PLUS de classe premium, Japon<\/li>\n<li>compos\u00e9es de mat\u00e9riaux modernes de haute qualit\u00e9, ne provoque pas d&#039;allergies et d&#039;inconforts, st\u00e9riles<\/li>\n<li class=\"cc-shop-product-pool j-product-pool j-product-pool-status-1 cc-shop-product-pool-variant-1\">disponible<\/li>\n<li class=\"cc-product-delivery-time-info j-product-delivery-time cc-delivery-time-variant-1 j-product-delivery-time-status-1\">1 \u00e0 3 jours de d\u00e9lai de livraison<\/li>\n<li>25 pcs<\/li>\n<\/ul>\n<\/div>\n","protected":false},"featured_media":331,"comment_status":"closed","ping_status":"closed","template":"","meta":[],"product_cat":[31,180],"product_tag":[],"_links":{"self":[{"href":"https:\/\/www.miniplume.com\/fr\/wp-json\/wp\/v2\/product\/330"}],"collection":[{"href":"https:\/\/www.miniplume.com\/fr\/wp-json\/wp\/v2\/product"}],"about":[{"href":"https:\/\/www.miniplume.com\/fr\/wp-json\/wp\/v2\/types\/product"}],"replies":[{"embeddable":true,"href":"https:\/\/www.miniplume.com\/fr\/wp-json\/wp\/v2\/comments?post=330"}],"wp:featuredmedia":[{"embeddable":true,"href":"https:\/\/www.miniplume.com\/fr\/wp-json\/wp\/v2\/media\/331"}],"wp:attachment":[{"href":"https:\/\/www.miniplume.com\/fr\/wp-json\/wp\/v2\/media?parent=330"}],"wp:term":[{"taxonomy":"product_cat","embeddable":true,"href":"https:\/\/www.miniplume.com\/fr\/wp-json\/wp\/v2\/product_cat?post=330"},{"taxonomy":"product_tag","embeddable":true,"href":"https:\/\/www.miniplume.com\/fr\/wp-json\/wp\/v2\/product_tag?post=330"}],"curies":[{"name":"wp","href":"https:\/\/api.w.org\/{rel}","templated":true}]}}