{"id":326,"date":"2017-11-03T00:30:50","date_gmt":"2017-11-02T21:30:50","guid":{"rendered":"http:\/\/miniplume.com\/?post_type=product&#038;p=326"},"modified":"2018-06-29T18:55:44","modified_gmt":"2018-06-29T15:55:44","slug":"serviettes-hygieniques-laurier-nuit","status":"publish","type":"product","link":"https:\/\/www.miniplume.com\/fr\/shop\/serviettes-hygieniques-laurier-nuit\/","title":{"rendered":"Serviettes Hygi\u00e9niques ultra-fines LAURIER \u00a0\u00bb Nuit\u00a0\u00bb"},"content":{"rendered":"<p><\/p>\n<ul>\n<li>Les serviettes hygi\u00e9niques extra-fines \u00ab Nuit \u00bb de classe premium venues du Japon, ne provoquent pas d\u2019allergies dues \u00e0 la pr\u00e9sence de 100% de coton naturel dans leur composition.<\/li>\n<li>Si mince que vous allez les oublier dans une minute!<\/li>\n<li>Les fibres douces permettent \u00e0 la peau de respirer, en excluant les manifestations n\u00e9gatives et les processus inflammatoires.<\/li>\n<li>La zone de contact avec la peau est seulement de 25%, elles ne frottent pas et ne collent pas \u00e0 la peau, ne provoquent pas de transpiration.<\/li>\n<li>En raison du gaufrage sp\u00e9cial de la surface de serviette, tous les flux menstruels p\u00e9n\u00e8trent imm\u00e9diatement dans la couche interne ou ils y sont retenus de mani\u00e8re fiable toute la nuit.<\/li>\n<li>Gardent leur forme toute la nuit, solidement attach\u00e9 au sous-v\u00eatement gr\u00e2ce aux ailes.<\/li>\n<li>Correspond enti\u00e8rement \u00e0 la morphologie du corps f\u00e9minin.<\/li>\n<li>La longueur de serviette est de 25 cm.<\/li>\n<\/ul>\n<p>Donnez-vous une sensation de fra\u00eecheur pour toute la nuit!<\/p>","protected":false},"excerpt":{"rendered":"<div class=\"cc-product-infolink j-product__info__link\">\n<div class=\"cc-product-infolink j-product__info__link\"><a class=\"cc-no-clickable-arrow\" href=\"\/inform-transp\/\" rel=\"nofollow\">TVA incluse, hors frais de port <\/a><\/div>\n<ul class=\"cc-shop-product-availability j-product-details\">\n<li class=\"j-product-weight\">serviettes hygi\u00e9niques ultra-minces de classe premium Laurier \u00ab\u00a0Nuit\u00a0\u00bb, Japon<\/li>\n<li>compos\u00e9es de mat\u00e9riaux respirants modernes de haute qualit\u00e9, ne provoque pas d&rsquo;allergies et d&rsquo;inconforts<\/li>\n<li class=\"cc-shop-product-pool j-product-pool j-product-pool-status-1 cc-shop-product-pool-variant-1\">\u00a0indisponible pour le moment<\/li>\n<li class=\"cc-product-delivery-time-info j-product-delivery-time cc-delivery-time-variant-1 j-product-delivery-time-status-1\">1 \u00e0 3 jours de d\u00e9lai de livraison<\/li>\n<li>17 pcs<\/li>\n<\/ul>\n<\/div>\n","protected":false},"featured_media":488,"comment_status":"closed","ping_status":"closed","template":"","meta":[],"product_cat":[31,179],"product_tag":[163,164,166],"_links":{"self":[{"href":"https:\/\/www.miniplume.com\/fr\/wp-json\/wp\/v2\/product\/326"}],"collection":[{"href":"https:\/\/www.miniplume.com\/fr\/wp-json\/wp\/v2\/product"}],"about":[{"href":"https:\/\/www.miniplume.com\/fr\/wp-json\/wp\/v2\/types\/product"}],"replies":[{"embeddable":true,"href":"https:\/\/www.miniplume.com\/fr\/wp-json\/wp\/v2\/comments?post=326"}],"wp:featuredmedia":[{"embeddable":true,"href":"https:\/\/www.miniplume.com\/fr\/wp-json\/wp\/v2\/media\/488"}],"wp:attachment":[{"href":"https:\/\/www.miniplume.com\/fr\/wp-json\/wp\/v2\/media?parent=326"}],"wp:term":[{"taxonomy":"product_cat","embeddable":true,"href":"https:\/\/www.miniplume.com\/fr\/wp-json\/wp\/v2\/product_cat?post=326"},{"taxonomy":"product_tag","embeddable":true,"href":"https:\/\/www.miniplume.com\/fr\/wp-json\/wp\/v2\/product_tag?post=326"}],"curies":[{"name":"wp","href":"https:\/\/api.w.org\/{rel}","templated":true}]}}