{"id":324,"date":"2017-11-03T00:27:10","date_gmt":"2017-11-02T21:27:10","guid":{"rendered":"http:\/\/miniplume.com\/?post_type=product&#038;p=324"},"modified":"2021-04-26T11:00:18","modified_gmt":"2021-04-26T08:00:18","slug":"goon-xxl-13-25-kg-pull-up-boys","status":"publish","type":"product","link":"https:\/\/www.miniplume.com\/fr\/shop\/goon-xxl-13-25-kg-pull-up-boys\/","title":{"rendered":"Goo.N XXL 13-25 kg (Pull-Up Boys)"},"content":{"rendered":"<p>Les couches-culottes Goo.N XXL con\u00e7u pour les gar\u00e7ons de 13 \u00e0 25 kg. Elles sont cr\u00e9\u00e9s en tenant compte des caract\u00e9ristiques anatomiques des gar\u00e7ons.<\/p>\n<p>Id\u00e9al pour l\u2019apprentissage de la propret\u00e9.<\/p>\n<p>Les culottes sont fabriqu\u00e9es avec des mat\u00e9riaux naturels, et la couche sup\u00e9rieure de coton sp\u00e9cial assure la perm\u00e9abilit\u00e9 \u00e0 l\u2019air.<\/p>\n<p>La peau du b\u00e9b\u00e9 n&rsquo;est en contacte qu&rsquo;avec la moiti\u00e9 de la couche gr\u00e2ce \u00e0 l\u2019estampage sp\u00e9cial de celle-ci. Toutes les parties de la couche, touchant la peau du petit, ont subi un contr\u00f4le de qualit\u00e9 strict.<\/p>\n<p>La couche absorbante des couches-culottes Goo.N est enrichie en vitamine E, qui a un effet tonique suppl\u00e9mentaire lorsqu\u2019elle est utilis\u00e9e.<\/p>\n<p>L\u2019indicateur de remplissage vous dira quand il est temps de changer la couche.<\/p>","protected":false},"excerpt":{"rendered":"<div class=\"cc-product-infolink j-product__info__link\"><a class=\"cc-no-clickable-arrow\" href=\"\/inform-transp\/\" rel=\"nofollow\">TVA incluse, hors frais de port <\/a><\/div>\n<ul class=\"cc-shop-product-availability j-product-details\">\n<li class=\"cc-shop-product-pool j-product-pool j-product-pool-status-1 cc-shop-product-pool-variant-1\">indisponible<\/li>\n<li class=\"cc-product-delivery-time-info j-product-delivery-time cc-delivery-time-variant-1 j-product-delivery-time-status-1\">1 \u00e0 3 jours de d\u00e9lai de livraison<\/li>\n<li>culottes pour les gar\u00e7ons<\/li>\n<li>28 pcs<\/li>\n<\/ul>\n","protected":false},"featured_media":325,"comment_status":"closed","ping_status":"closed","template":"","meta":[],"product_cat":[30],"product_tag":[134,177,175,136],"_links":{"self":[{"href":"https:\/\/www.miniplume.com\/fr\/wp-json\/wp\/v2\/product\/324"}],"collection":[{"href":"https:\/\/www.miniplume.com\/fr\/wp-json\/wp\/v2\/product"}],"about":[{"href":"https:\/\/www.miniplume.com\/fr\/wp-json\/wp\/v2\/types\/product"}],"replies":[{"embeddable":true,"href":"https:\/\/www.miniplume.com\/fr\/wp-json\/wp\/v2\/comments?post=324"}],"wp:featuredmedia":[{"embeddable":true,"href":"https:\/\/www.miniplume.com\/fr\/wp-json\/wp\/v2\/media\/325"}],"wp:attachment":[{"href":"https:\/\/www.miniplume.com\/fr\/wp-json\/wp\/v2\/media?parent=324"}],"wp:term":[{"taxonomy":"product_cat","embeddable":true,"href":"https:\/\/www.miniplume.com\/fr\/wp-json\/wp\/v2\/product_cat?post=324"},{"taxonomy":"product_tag","embeddable":true,"href":"https:\/\/www.miniplume.com\/fr\/wp-json\/wp\/v2\/product_tag?post=324"}],"curies":[{"name":"wp","href":"https:\/\/api.w.org\/{rel}","templated":true}]}}