{"id":320,"date":"2017-11-03T00:20:22","date_gmt":"2017-11-02T21:20:22","guid":{"rendered":"http:\/\/miniplume.com\/?post_type=product&#038;p=320"},"modified":"2020-02-12T16:12:23","modified_gmt":"2020-02-12T13:12:23","slug":"mami-poko-taille-l-9-14-pull-up","status":"publish","type":"product","link":"https:\/\/www.miniplume.com\/fr\/shop\/mami-poko-taille-l-9-14-pull-up\/","title":{"rendered":"Mamy POKO Taille L 9-14 Pull-up"},"content":{"rendered":"<p>La production de ces couches prend en compte les facteurs physiologiques individuels des enfants, elles sont tr\u00e8s minces et l\u00e9geres, faciles \u00e0 habiller.<\/p>\n<p>Il y a une couche sp\u00e9ciale pour absorber la transpiration, ce qui permet au dos du b\u00e9b\u00e9 de rester au sec. Le produit permet \u00e0 l\u2019air de traverser toute la surface, et une ceinture large et extensible ne serre pas le ventre du b\u00e9b\u00e9.<\/p>\n<p>Grace \u00e0 la bande adh\u00e9sive sp\u00e9ciale qui se trouve derri\u00e8re, vous pouvez facilement tordre la couche utilis\u00e9e.<\/p>\n<p>Dans chaque paquet il y a des couches avec des dessins color\u00e9s (cinq mod\u00e8les diff\u00e9rents).<\/p>\n<p>La composition contient un absorbant sp\u00e9cial qui prot\u00e8ge contre les fuites pendant 10 heures, le mat\u00e9riel naturel et doux de la couche interne prend d\u00e9licatement soin de la peau du b\u00e9b\u00e9.<\/p>\n<p>La peau du b\u00e9b\u00e9 dans ces couches est exclusivement en contact avec des mat\u00e9riaux naturels qui absorbent bien l\u2019humidit\u00e9, elles sont hypoallerg\u00e9niques, ne frottent pas et donnent une sensation de confort. Une pulpe de coton a une haute hygroscopicit\u00e9, ce qui permet d\u2019absorber une grande quantit\u00e9 de selles.<\/p>\n<p>Avantages:<\/p>\n<ul>\n<li>absorbe bien l\u2019humidit\u00e9 et ne fuit pas, m\u00eame la nuit<\/li>\n<li>sans odeur<\/li>\n<li>doux et agr\u00e9able<\/li>\n<li>ne frotte pas les jambes et le ventre<\/li>\n<li>il y a un indicateur de remplissage<\/li>\n<li>mince et l\u00e9ger<\/li>\n<\/ul>\n<p><\/p>","protected":false},"excerpt":{"rendered":"<div class=\"cc-product-infolink j-product__info__link\">\n<div class=\"cc-product-infolink j-product__info__link\"><a class=\"cc-no-clickable-arrow\" href=\"\/inform-transp\/\" rel=\"nofollow\">TVA incluse, hors frais de port <\/a><\/div>\n<ul class=\"cc-shop-product-availability j-product-details\">\n<li class=\"cc-shop-product-pool j-product-pool j-product-pool-status-1 cc-shop-product-pool-variant-1\">disponible<\/li>\n<li class=\"cc-product-delivery-time-info j-product-delivery-time cc-delivery-time-variant-1 j-product-delivery-time-status-1\">1 \u00e0 3 jours de d\u00e9lai de livraison<\/li>\n<li>Culottes<\/li>\n<li>44 pcs<\/li>\n<\/ul>\n<\/div>\n","protected":false},"featured_media":321,"comment_status":"closed","ping_status":"closed","template":"","meta":[],"product_cat":[29,182],"product_tag":[134,133,173],"_links":{"self":[{"href":"https:\/\/www.miniplume.com\/fr\/wp-json\/wp\/v2\/product\/320"}],"collection":[{"href":"https:\/\/www.miniplume.com\/fr\/wp-json\/wp\/v2\/product"}],"about":[{"href":"https:\/\/www.miniplume.com\/fr\/wp-json\/wp\/v2\/types\/product"}],"replies":[{"embeddable":true,"href":"https:\/\/www.miniplume.com\/fr\/wp-json\/wp\/v2\/comments?post=320"}],"wp:featuredmedia":[{"embeddable":true,"href":"https:\/\/www.miniplume.com\/fr\/wp-json\/wp\/v2\/media\/321"}],"wp:attachment":[{"href":"https:\/\/www.miniplume.com\/fr\/wp-json\/wp\/v2\/media?parent=320"}],"wp:term":[{"taxonomy":"product_cat","embeddable":true,"href":"https:\/\/www.miniplume.com\/fr\/wp-json\/wp\/v2\/product_cat?post=320"},{"taxonomy":"product_tag","embeddable":true,"href":"https:\/\/www.miniplume.com\/fr\/wp-json\/wp\/v2\/product_tag?post=320"}],"curies":[{"name":"wp","href":"https:\/\/api.w.org\/{rel}","templated":true}]}}