{"id":314,"date":"2017-11-03T00:09:44","date_gmt":"2017-11-02T21:09:44","guid":{"rendered":"http:\/\/miniplume.com\/?post_type=product&#038;p=314"},"modified":"2021-03-10T11:00:29","modified_gmt":"2021-03-10T08:00:29","slug":"moony-xxxl-girls-18-35-kg","status":"publish","type":"product","link":"https:\/\/www.miniplume.com\/fr\/shop\/moony-xxxl-girls-18-35-kg\/","title":{"rendered":"Moony XXXL 18-35 kg, 14 pcs (Culottes pour la nuit) Fille"},"content":{"rendered":"<p>Les couches-culottes Moony XXXL sont con\u00e7us pour les enfants de 18 \u00e0 35 kg pour des nuits tranquilles. Ces couches-culottes sont cr\u00e9es sp\u00e9cialement pour les filles donc la couche absorbante a un \u00e9paississements dans la zone de devant.<\/p>\n<ul>\n<li>Confort et d\u00e9tente comme des sous-v\u00eatements! Equip\u00e9es d\u2019un large absorbeur la conception correspond \u00e0 l\u2019anatomie de l&rsquo;enfant, qui absorbe compl\u00e8tement l\u2019urine pendant la nuit.<\/li>\n<li>Le c\u00f4t\u00e9 int\u00e9rieur de la couche est constitu\u00e9 de coton naturel qui prot\u00e8ge la peau sensible de votre enfant. La face interne de la couche absorbe le liquide rapidement.<\/li>\n<li>Les couches sont s\u00fbres et confortables et sont constitu\u00e9es de mat\u00e9riaux doux qui n\u2019irritent pas la peau, elles sont hypoallerg\u00e9niques.<\/li>\n<li>La surface int\u00e9rieure contient des extraits des plantes m\u00e9dicinales ayant une action antiseptique. Les protections lat\u00e9rales prot\u00e8gent de mani\u00e8re fiable contre les fuites.<\/li>\n<li>Il est tr\u00e8s facile d\u2019enlever les couches, il suffit les d\u00e9chirer sur les cot\u00e9s.<\/li>\n<li>Doux, l\u00e9ger, tendre, tr\u00e8s respirant et ne g\u00eane pas les mouvements de l&rsquo;enfant.<\/li>\n<li>Aucune pression sur le ventre de l&rsquo;enfant, \u00e9vite les fuites, garde votre enfant \u00e0 l\u2019aise.<\/li>\n<\/ul>\n","protected":false},"excerpt":{"rendered":"<div class=\"cc-product-infolink j-product__info__link\"><a class=\"cc-no-clickable-arrow\" href=\"\/inform-transp\/\" rel=\"nofollow\">TVA incluse, hors frais de port <\/a><\/div>\n<ul class=\"cc-shop-product-availability j-product-details\">\n<li class=\"cc-shop-product-pool j-product-pool j-product-pool-status-1 cc-shop-product-pool-variant-1\">indisponible<\/li>\n<li class=\"cc-product-delivery-time-info j-product-delivery-time cc-delivery-time-variant-1 j-product-delivery-time-status-1\">1 \u00e0 3 jours de d\u00e9lai de livraison<\/li>\n<li>Culottes de nuit pour fille<\/li>\n<li>14 pcs<\/li>\n<\/ul>\n","protected":false},"featured_media":315,"comment_status":"closed","ping_status":"closed","template":"","meta":[],"product_cat":[28,94],"product_tag":[134,138,153],"_links":{"self":[{"href":"https:\/\/www.miniplume.com\/fr\/wp-json\/wp\/v2\/product\/314"}],"collection":[{"href":"https:\/\/www.miniplume.com\/fr\/wp-json\/wp\/v2\/product"}],"about":[{"href":"https:\/\/www.miniplume.com\/fr\/wp-json\/wp\/v2\/types\/product"}],"replies":[{"embeddable":true,"href":"https:\/\/www.miniplume.com\/fr\/wp-json\/wp\/v2\/comments?post=314"}],"wp:featuredmedia":[{"embeddable":true,"href":"https:\/\/www.miniplume.com\/fr\/wp-json\/wp\/v2\/media\/315"}],"wp:attachment":[{"href":"https:\/\/www.miniplume.com\/fr\/wp-json\/wp\/v2\/media?parent=314"}],"wp:term":[{"taxonomy":"product_cat","embeddable":true,"href":"https:\/\/www.miniplume.com\/fr\/wp-json\/wp\/v2\/product_cat?post=314"},{"taxonomy":"product_tag","embeddable":true,"href":"https:\/\/www.miniplume.com\/fr\/wp-json\/wp\/v2\/product_tag?post=314"}],"curies":[{"name":"wp","href":"https:\/\/api.w.org\/{rel}","templated":true}]}}