{"id":295,"date":"2017-11-02T18:26:50","date_gmt":"2017-11-02T15:26:50","guid":{"rendered":"http:\/\/miniplume.com\/?post_type=product&#038;p=295"},"modified":"2019-07-23T15:38:13","modified_gmt":"2019-07-23T12:38:13","slug":"moony-l-9-14kg-pull-up-boys-air-fit","status":"publish","type":"product","link":"https:\/\/www.miniplume.com\/fr\/shop\/moony-l-9-14kg-pull-up-boys-air-fit\/","title":{"rendered":"Moony L 9-14 Kg, 44 pcs, (Pull-up Boys) AIR FIT"},"content":{"rendered":"<p>Les couches Moony Man L sont con\u00e7us pour les b\u00e9b\u00e9s de 9 \u00e0 14 kg, qui commence \u00e0 ramper et \u00e0 marcher. Votre b\u00e9b\u00e9 peut se d\u00e9placer confortablement en couches Moony! Ses couches-culottes sont cr\u00e9es sp\u00e9cialement pour les gar\u00e7ons, donc la zone avant est dot\u00e9e d&rsquo;une \u00e9paisseur suppl\u00e9mentaire d&rsquo;absorbant.<\/p>\n<p>Le c\u00f4t\u00e9 int\u00e9rieur de la couche est constitu\u00e9 de coton naturel qui prot\u00e8ge la peau sensible du b\u00e9b\u00e9. La face interne de la couche absorbe le liquide rapidement. Les couches sont s\u00fbres et confortables et sont constitu\u00e9es de mat\u00e9riaux doux qui n&rsquo;irritent pas la peau, elles sont hypoallerg\u00e9niques. La surface int\u00e9rieure contient des extraits des plantes m\u00e9dicinales ayant une action antiseptique. Les protections lat\u00e9rales prot\u00e8gent de mani\u00e8re fiable contre des fuites. Il est tr\u00e8s facile d\u2019enlever les couches, il suffit les d\u00e9chirer sur les cot\u00e9s.<\/p>\n<p>Ses volants couvrent d\u00e9licatement les jambes sans les frotter et ne permettent pas au contenu de la couche de s\u2019\u00e9couler.<\/p>\n<p>Les avantages :<\/p>\n<ul>\n<li>Doux, l\u00e9ger, tendre, tr\u00e8s respirant et ne g\u00eane pas les mouvements du b\u00e9b\u00e9;<\/li>\n<li>Aucune pression sur le ventre du b\u00e9b\u00e9, \u00e9vite les fuites, garde le b\u00e9b\u00e9 \u00e0 l&rsquo;aise;<\/li>\n<li>Dispose d&rsquo;un indicateur de remplissage;<\/li>\n<li>Zone d&rsquo;absorption sp\u00e9ciale gar\u00e7on.<\/li>\n<\/ul>\n<p><\/p>","protected":false},"excerpt":{"rendered":"<div class=\"cc-product-infolink j-product__info__link\"><a class=\"cc-no-clickable-arrow\" href=\"\/inform-transp\/\" rel=\"nofollow\">TVA incluse, hors frais de port <\/a><\/div>\n<ul class=\"cc-shop-product-availability j-product-details\">\n<li class=\"cc-shop-product-pool j-product-pool j-product-pool-status-1 cc-shop-product-pool-variant-1\">disponible<\/li>\n<li class=\"cc-product-delivery-time-info j-product-delivery-time cc-delivery-time-variant-1 j-product-delivery-time-status-1\">1 \u00e0 3 jours de d\u00e9lai de livraison<\/li>\n<li>Culottes pour gar\u00e7on<\/li>\n<li>44 pcs<\/li>\n<\/ul>\n","protected":false},"featured_media":296,"comment_status":"closed","ping_status":"closed","template":"","meta":[],"product_cat":[28,93],"product_tag":[134,133,138],"_links":{"self":[{"href":"https:\/\/www.miniplume.com\/fr\/wp-json\/wp\/v2\/product\/295"}],"collection":[{"href":"https:\/\/www.miniplume.com\/fr\/wp-json\/wp\/v2\/product"}],"about":[{"href":"https:\/\/www.miniplume.com\/fr\/wp-json\/wp\/v2\/types\/product"}],"replies":[{"embeddable":true,"href":"https:\/\/www.miniplume.com\/fr\/wp-json\/wp\/v2\/comments?post=295"}],"wp:featuredmedia":[{"embeddable":true,"href":"https:\/\/www.miniplume.com\/fr\/wp-json\/wp\/v2\/media\/296"}],"wp:attachment":[{"href":"https:\/\/www.miniplume.com\/fr\/wp-json\/wp\/v2\/media?parent=295"}],"wp:term":[{"taxonomy":"product_cat","embeddable":true,"href":"https:\/\/www.miniplume.com\/fr\/wp-json\/wp\/v2\/product_cat?post=295"},{"taxonomy":"product_tag","embeddable":true,"href":"https:\/\/www.miniplume.com\/fr\/wp-json\/wp\/v2\/product_tag?post=295"}],"curies":[{"name":"wp","href":"https:\/\/api.w.org\/{rel}","templated":true}]}}