{"id":285,"date":"2017-11-02T18:09:33","date_gmt":"2017-11-02T15:09:33","guid":{"rendered":"http:\/\/miniplume.com\/?post_type=product&#038;p=285"},"modified":"2021-02-12T15:50:11","modified_gmt":"2021-02-12T12:50:11","slug":"moony-s-4-8kg-air-fit","status":"publish","type":"product","link":"https:\/\/www.miniplume.com\/fr\/shop\/moony-s-4-8kg-air-fit\/","title":{"rendered":"Moony S 4-8 kg, 84 pcs, AIR FIT Classique"},"content":{"rendered":"<p>La conception originale des mat\u00e9riaux utilis\u00e9s dans les couches Moony S donne un tr\u00e8s bon niveau de respirabilit\u00e9 et laisse la peau s\u00e8che.<\/p>\n<p>La surface int\u00e9rieure de la couche est faite d\u2019un coton doux qui prot\u00e8ge soigneusement la peau du b\u00e9b\u00e9 de toute irritation. De plus, la surface int\u00e9rieure contient des extraits des plantes m\u00e9dicinales ayant une action antiseptique.<\/p>\n<p>Con\u00e7u exactement \u00e0 la forme des fesses de b\u00e9b\u00e9, les couches ont un contact \u00e9troit avec la peau et par cons\u00e9quent donnent \u00e0 l&rsquo;enfant une libert\u00e9 de mouvement absolue. L\u2019indicateur \u00e0 3 bandes change de couleur et vire au bleu quand elle est remplie : il est temps de changer la couche. La bande \u00e9lastique permet d&rsquo;ouvrir et fermer les couches plusieurs fois.<\/p>\n<p>Les avantages :<\/p>\n<ul>\n<li>Doux, l\u00e9ger, tendre, tr\u00e8s respirant et ne g\u00eane pas les mouvements du b\u00e9b\u00e9<\/li>\n<li>Aucune pression sur le ventre du b\u00e9b\u00e9, \u00e9vite les fuites, garde le b\u00e9b\u00e9 \u00e0 l\u2019aise<\/li>\n<li>Dispose d\u2019un indicateur de remplissage<\/li>\n<\/ul>\n<p><\/p>","protected":false},"excerpt":{"rendered":"<div class=\"cc-product-infolink j-product__info__link\"><a class=\"cc-no-clickable-arrow\" href=\"\/inform-transp\/\" rel=\"nofollow\">TVA incluse, hors frais de port <\/a><\/div>\n<ul class=\"cc-shop-product-availability j-product-details\">\n<li class=\"cc-shop-product-pool j-product-pool j-product-pool-status-1 cc-shop-product-pool-variant-1\">disponible<\/li>\n<li class=\"cc-product-delivery-time-info j-product-delivery-time cc-delivery-time-variant-1 j-product-delivery-time-status-1\">1 \u00e0 3 jours de d\u00e9lai de livraison<\/li>\n<li>Attache Velcro (Classique)<\/li>\n<li>84 pcs<\/li>\n<\/ul>\n","protected":false},"featured_media":431,"comment_status":"closed","ping_status":"closed","template":"","meta":[],"product_cat":[28,86],"product_tag":[129,138,130],"_links":{"self":[{"href":"https:\/\/www.miniplume.com\/fr\/wp-json\/wp\/v2\/product\/285"}],"collection":[{"href":"https:\/\/www.miniplume.com\/fr\/wp-json\/wp\/v2\/product"}],"about":[{"href":"https:\/\/www.miniplume.com\/fr\/wp-json\/wp\/v2\/types\/product"}],"replies":[{"embeddable":true,"href":"https:\/\/www.miniplume.com\/fr\/wp-json\/wp\/v2\/comments?post=285"}],"wp:featuredmedia":[{"embeddable":true,"href":"https:\/\/www.miniplume.com\/fr\/wp-json\/wp\/v2\/media\/431"}],"wp:attachment":[{"href":"https:\/\/www.miniplume.com\/fr\/wp-json\/wp\/v2\/media?parent=285"}],"wp:term":[{"taxonomy":"product_cat","embeddable":true,"href":"https:\/\/www.miniplume.com\/fr\/wp-json\/wp\/v2\/product_cat?post=285"},{"taxonomy":"product_tag","embeddable":true,"href":"https:\/\/www.miniplume.com\/fr\/wp-json\/wp\/v2\/product_tag?post=285"}],"curies":[{"name":"wp","href":"https:\/\/api.w.org\/{rel}","templated":true}]}}