{"id":254,"date":"2017-11-02T01:06:10","date_gmt":"2017-11-01T22:06:10","guid":{"rendered":"http:\/\/miniplume.com\/?post_type=product&#038;p=254"},"modified":"2021-03-27T20:07:56","modified_gmt":"2021-03-27T17:07:56","slug":"moony-new-born-0-5-kg-air-fit","status":"publish","type":"product","link":"https:\/\/www.miniplume.com\/fr\/shop\/moony-new-born-0-5-kg-air-fit\/","title":{"rendered":"Moony New Born 0-5 Kg90 pcs, AIR FIT Classique"},"content":{"rendered":"<p>Un nouveau-n\u00e9 demande beaucoup d&rsquo;attention et de soins quotidiens. Pour le bien-\u00eatre du b\u00e9b\u00e9 et le confort le choix des couches est tr\u00e8s important, car les couches de qualit\u00e9 peuvent garder la peau saine et s\u00e8che, aider \u00e0 \u00e9viter les fuites, ainsi que laisser une  libert\u00e9 de mouvement unique.<\/p>\n<p>Les couches japonaises Moony sont con\u00e7us pour r\u00e9pondre \u00e0 toutes ces exigences.<\/p>\n<p>Les couches nouveau-n\u00e9 (NB) sont faites pour un b\u00e9b\u00e9 de 0 \u00e0 5kg, une coupe sp\u00e9ciale pour prendre soin de la zone d\u00e9licate du nombril.<\/p>\n<p>Le c\u00f4t\u00e9 int\u00e9rieur de la couche est fait d&rsquo;un filet souple de haute qualit\u00e9 en coton naturel, de sorte que les fesses de b\u00e9b\u00e9 restent au sec et sans \u00e9ruptions allergiques. La face interne de la couche absorbe le liquide rapidement et le conserve \u00e0 l&rsquo;int\u00e9rieur et laisse la peau propre et s\u00e8che.<\/p>\n<p>Les avantages :<\/p>\n<ul>\n<li>Doux, l\u00e9ger, tendre, tr\u00e8s respirant et ne g\u00eane pas les mouvements du b\u00e9b\u00e9;<\/li>\n<li>Aucune pression sur le ventre du b\u00e9b\u00e9, \u00e9vite les fuites, garde le b\u00e9b\u00e9 \u00e0 l&rsquo;aise;<\/li>\n<li>Dispose d&rsquo;un indicateur de remplissage;<\/li>\n<li>Une coupe sp\u00e9ciale pour prendre soin de la zone d\u00e9licate du nombril.<\/li>\n<\/ul>\n<p><\/p>","protected":false},"excerpt":{"rendered":"<div class=\"cc-product-infolink j-product__info__link\"><a class=\"cc-no-clickable-arrow\" href=\"\/inform-transp\/\" rel=\"nofollow\">TVA incluse, hors frais de port <\/a><\/div>\n<ul class=\"cc-shop-product-availability j-product-details\">\n<li class=\"cc-shop-product-pool j-product-pool j-product-pool-status-1 cc-shop-product-pool-variant-1\">disponible<\/li>\n<li class=\"cc-product-delivery-time-info j-product-delivery-time cc-delivery-time-variant-1 j-product-delivery-time-status-1\">1 \u00e0 3 jours de d\u00e9lai de livraison<\/li>\n<li>Attache Velcro (Classique)<\/li>\n<li>90 pcs<\/li>\n<\/ul>\n","protected":false},"featured_media":430,"comment_status":"closed","ping_status":"closed","template":"","meta":[],"product_cat":[28,86],"product_tag":[129,138,128],"_links":{"self":[{"href":"https:\/\/www.miniplume.com\/fr\/wp-json\/wp\/v2\/product\/254"}],"collection":[{"href":"https:\/\/www.miniplume.com\/fr\/wp-json\/wp\/v2\/product"}],"about":[{"href":"https:\/\/www.miniplume.com\/fr\/wp-json\/wp\/v2\/types\/product"}],"replies":[{"embeddable":true,"href":"https:\/\/www.miniplume.com\/fr\/wp-json\/wp\/v2\/comments?post=254"}],"wp:featuredmedia":[{"embeddable":true,"href":"https:\/\/www.miniplume.com\/fr\/wp-json\/wp\/v2\/media\/430"}],"wp:attachment":[{"href":"https:\/\/www.miniplume.com\/fr\/wp-json\/wp\/v2\/media?parent=254"}],"wp:term":[{"taxonomy":"product_cat","embeddable":true,"href":"https:\/\/www.miniplume.com\/fr\/wp-json\/wp\/v2\/product_cat?post=254"},{"taxonomy":"product_tag","embeddable":true,"href":"https:\/\/www.miniplume.com\/fr\/wp-json\/wp\/v2\/product_tag?post=254"}],"curies":[{"name":"wp","href":"https:\/\/api.w.org\/{rel}","templated":true}]}}