{"id":252,"date":"2017-11-02T00:21:02","date_gmt":"2017-11-01T21:21:02","guid":{"rendered":"http:\/\/miniplume.com\/?post_type=product&#038;p=252"},"modified":"2019-07-17T14:51:54","modified_gmt":"2019-07-17T11:51:54","slug":"merries-taille-xxl-15-28-kg-pull-up","status":"publish","type":"product","link":"https:\/\/www.miniplume.com\/fr\/shop\/merries-taille-xxl-15-28-kg-pull-up\/","title":{"rendered":"Merries XXL 15-28 Kg, 26 pcs, Pull-up"},"content":{"rendered":"<p>Les couches-culottes Merries taille XXL sont tr\u00e8s pratiques pour les nuits car elles poss\u00e8dent 2 niveaux d&rsquo;absorbant particuli\u00e8rement performant issu de nouvelles technologies.<\/p>\n<p>De plus, elles sont pratiques pour faire apprendre \u00e0 votre b\u00e9b\u00e9 \u00e0 faire pipi dans le pot, elles s&rsquo;enl\u00e8vent et se remettent facilement.<\/p>\n<p>La couche est ultra\u2010mince pour s&rsquo;adapter parfaitement au ventre ainsi qu\u2019aux jambes, supprimant ainsi les inflammations et les irritations. La texture int\u00e9rieure ondul\u00e9e unique de la couche a plusieurs fonctions. Elle permet une \u00ab respiration \u00bb optimale, r\u00e9duit le contact avec la peau et \u00e0 la capacit\u00e9 de bloquer efficacement l&rsquo;urine et les selles.<\/p>\n<p>Vous pouvez rester tranquille pendant toute la nuit! Cette couche est capable d\u2019absorber un volume de liquide jusqu\u2019\u00e0 200-300 fois son poids, et ses volants tripl\u00e9s couvrent d\u00e9licatement les jambes sans les frotter et ne permettent pas au contenu de la couche de s&rsquo;\u00e9couler.<\/p>\n<p>Hypoallerg\u00e9niques, les couches Merries sont compos\u00e9es d\u2019extrait v\u00e9g\u00e9tal de plantes m\u00e9dicinales, prot\u00e9geant contre les bact\u00e9ries et les mauvaises odeurs.<\/p>","protected":false},"excerpt":{"rendered":"<div class=\"cc-product-infolink j-product__info__link\">\n<div class=\"cc-product-infolink j-product__info__link\">\n<div class=\"cc-product-infolink j-product__info__link\"><a class=\"cc-no-clickable-arrow\" href=\"\/inform-transp\/\" rel=\"nofollow\">TVA incluse, hors frais de port <\/a><\/div>\n<ul class=\"cc-shop-product-availability j-product-details\">\n<li class=\"cc-shop-product-pool j-product-pool j-product-pool-status-1 cc-shop-product-pool-variant-1\">indisponible<\/li>\n<li class=\"cc-product-delivery-time-info j-product-delivery-time cc-delivery-time-variant-1 j-product-delivery-time-status-1\">1 \u00e0 3 jours de d\u00e9lai de livraison<\/li>\n<li>Culotte<\/li>\n<li>26 pcs<\/li>\n<\/ul>\n<\/div>\n<\/div>\n","protected":false},"featured_media":253,"comment_status":"closed","ping_status":"closed","template":"","meta":[],"product_cat":[27,71],"product_tag":[134,127,136],"_links":{"self":[{"href":"https:\/\/www.miniplume.com\/fr\/wp-json\/wp\/v2\/product\/252"}],"collection":[{"href":"https:\/\/www.miniplume.com\/fr\/wp-json\/wp\/v2\/product"}],"about":[{"href":"https:\/\/www.miniplume.com\/fr\/wp-json\/wp\/v2\/types\/product"}],"replies":[{"embeddable":true,"href":"https:\/\/www.miniplume.com\/fr\/wp-json\/wp\/v2\/comments?post=252"}],"wp:featuredmedia":[{"embeddable":true,"href":"https:\/\/www.miniplume.com\/fr\/wp-json\/wp\/v2\/media\/253"}],"wp:attachment":[{"href":"https:\/\/www.miniplume.com\/fr\/wp-json\/wp\/v2\/media?parent=252"}],"wp:term":[{"taxonomy":"product_cat","embeddable":true,"href":"https:\/\/www.miniplume.com\/fr\/wp-json\/wp\/v2\/product_cat?post=252"},{"taxonomy":"product_tag","embeddable":true,"href":"https:\/\/www.miniplume.com\/fr\/wp-json\/wp\/v2\/product_tag?post=252"}],"curies":[{"name":"wp","href":"https:\/\/api.w.org\/{rel}","templated":true}]}}