{"id":247,"date":"2017-11-02T00:12:40","date_gmt":"2017-11-01T21:12:40","guid":{"rendered":"http:\/\/miniplume.com\/?post_type=product&#038;p=247"},"modified":"2019-07-17T14:50:57","modified_gmt":"2019-07-17T11:50:57","slug":"merries-taille-l-9-14-kg-pull-up-44","status":"publish","type":"product","link":"https:\/\/www.miniplume.com\/fr\/shop\/merries-taille-l-9-14-kg-pull-up-44\/","title":{"rendered":"Merries L 9-14 kg, 44 pcs, Pull-up"},"content":{"rendered":"<p>Quand votre b\u00e9b\u00e9 grandi et commence \u00e0 connaitre le monde il est tr\u00e8s important de lui donner le sens de la s\u00e9curit\u00e9 et du confort. Les couches-culottes Merries taille L poss\u00e8dent un absorbant particuli\u00e8rement performant issu de nouvelles technologies.<\/p>\n<p>La couche est ultra\u2010mince pour s&rsquo;adapter parfaitement au ventre ainsi qu\u2019aux jambes, laissant votre enfant libre de bouger sans sentiment de g\u00eane, supprimant ainsi les inflammations et les irritations. La texture int\u00e9rieure ondul\u00e9e unique de la couche a plusieurs fonctions. Elle permet une \u00ab respiration \u00bb optimale, r\u00e9duit le contact avec la peau et \u00e0 la capacit\u00e9 de bloquer efficacement les selles molles pour \u00e9viter leurs dispersion.<\/p>\n<p>L&rsquo;int\u00e9rieur des couches est compos\u00e9 de 3 zones qui font passer l\u2019air et permettent de garder la peau de votre b\u00e9b\u00e9 au sec, seulement 50% de surface est en contact avec la peau.<\/p>\n<p>Vous pouvez rester tranquille pendant toute la nuit! Cette couche est capable d\u2019absorber un volume de liquide jusqu\u2019\u00e0 200-300 fois son poids.<\/p>\n<p>Les couches sont \u00e9galement \u00e9quip\u00e9es d\u2019indicateur d\u2019humidit\u00e9 clair et pr\u00e9cis pour nous rappeler quand les couches doivent \u00eatre chang\u00e9es. Hypoallerg\u00e9niques, les Merries sont compos\u00e9es d\u2019extrait v\u00e9g\u00e9tal de plantes m\u00e9dicinales, prot\u00e9geant contre les bact\u00e9ries et les mauvaises odeurs.<\/p>\n<p>&nbsp;<\/p>","protected":false},"excerpt":{"rendered":"<div class=\"cc-product-infolink j-product__info__link\"><a class=\"cc-no-clickable-arrow\" href=\"\/inform-transp\/\" rel=\"nofollow\">TVA incluse, hors frais de port <\/a><\/div>\n<ul class=\"cc-shop-product-availability j-product-details\">\n<li class=\"cc-shop-product-pool j-product-pool j-product-pool-status-1 cc-shop-product-pool-variant-1\">indisponible<\/li>\n<li class=\"cc-product-delivery-time-info j-product-delivery-time cc-delivery-time-variant-1 j-product-delivery-time-status-1\">1 \u00e0 3 jours de d\u00e9lai de livraison<\/li>\n<li>Culotte<\/li>\n<li>27 pcs<\/li>\n<\/ul>\n","protected":false},"featured_media":249,"comment_status":"closed","ping_status":"closed","template":"","meta":[],"product_cat":[27,71],"product_tag":[134,133,127],"_links":{"self":[{"href":"https:\/\/www.miniplume.com\/fr\/wp-json\/wp\/v2\/product\/247"}],"collection":[{"href":"https:\/\/www.miniplume.com\/fr\/wp-json\/wp\/v2\/product"}],"about":[{"href":"https:\/\/www.miniplume.com\/fr\/wp-json\/wp\/v2\/types\/product"}],"replies":[{"embeddable":true,"href":"https:\/\/www.miniplume.com\/fr\/wp-json\/wp\/v2\/comments?post=247"}],"wp:featuredmedia":[{"embeddable":true,"href":"https:\/\/www.miniplume.com\/fr\/wp-json\/wp\/v2\/media\/249"}],"wp:attachment":[{"href":"https:\/\/www.miniplume.com\/fr\/wp-json\/wp\/v2\/media?parent=247"}],"wp:term":[{"taxonomy":"product_cat","embeddable":true,"href":"https:\/\/www.miniplume.com\/fr\/wp-json\/wp\/v2\/product_cat?post=247"},{"taxonomy":"product_tag","embeddable":true,"href":"https:\/\/www.miniplume.com\/fr\/wp-json\/wp\/v2\/product_tag?post=247"}],"curies":[{"name":"wp","href":"https:\/\/api.w.org\/{rel}","templated":true}]}}