{"id":236,"date":"2017-11-01T23:15:40","date_gmt":"2017-11-01T20:15:40","guid":{"rendered":"http:\/\/miniplume.com\/?post_type=product&#038;p=236"},"modified":"2019-01-09T13:56:34","modified_gmt":"2019-01-09T10:56:34","slug":"merries-taille-m-6-11-kg-64-pcs","status":"publish","type":"product","link":"https:\/\/www.miniplume.com\/fr\/shop\/merries-taille-m-6-11-kg-64-pcs\/","title":{"rendered":"Merries M 6-11 Kg, 64 pcs, classique"},"content":{"rendered":"<p>L\u00e9g\u00e8res et confortables les couches Merries M donneront l&rsquo;agr\u00e9able sensation de confort pour tous les b\u00e9b\u00e9s. L&rsquo;int\u00e9rieur des couches est constitu\u00e9e de fibre de coton doux et contient de l&rsquo;extrait naturel qui prot\u00e8ge la peau de b\u00e9b\u00e9 contre les irritations. La couche int\u00e9rieur est compos\u00e9e de 3 zones qui font passer l\u2019air et permettent de garder la peau de votre b\u00e9b\u00e9 au sec, l\u2019utilisation de mat\u00e9riaux micro-respirants permet aux vapeurs d\u2019ammoniac de s\u2019\u00e9vacuer de fa\u00e7on optimale. Fini les cr\u00e8mes sous la couche!<\/p>\n<p>Les couches \u00e9pousent id\u00e9alement le corps du b\u00e9b\u00e9 lui permettant de se d\u00e9placer facilement sans sentiment de g\u00eane.<\/p>\n<p>Pas de soucis au sujet des fuites, les couches Merries poss\u00e8dent un absorbant particuli\u00e8rement performant. L&rsquo;utilisation de composants naturels dans le secteur manufacturier \u00e9limine l&rsquo;irritation cutan\u00e9e. Elles sont absolument hypoallerg\u00e9niques.<\/p>\n<p>Il est connu que les nouveau-n\u00e9s font pipi plus souvent, Merries a int\u00e9gr\u00e9 un indicateur d&rsquo;humidit\u00e9 sur chaque couche, ce qui est d&rsquo;une grande aide pour les parents. Vous n&rsquo;avez pas \u00e0 penser quand il est pr\u00e9f\u00e9rable de changer la couche et vous ne perdez pas votre temps pr\u00e9cieux pour v\u00e9rifier la couche.<\/p>\n<p>Merries a pens\u00e9 \u00e0 utiliser un Velcro r\u00e9utilisable qui fixe avec l\u00e9g\u00e8ret\u00e9 la couche. Les attaches Velcro sont int\u00e9gr\u00e9es \u00e0 la couche sans l\u2019utilisation de plastique (type scotch) et surtout sans colle.<\/p>","protected":false},"excerpt":{"rendered":"<div class=\"cc-product-infolink j-product__info__link\"><a class=\"cc-no-clickable-arrow\" href=\"\/inform-transp\/\" rel=\"nofollow\">TVA incluse, hors frais de port <\/a><\/div>\n<ul class=\"cc-shop-product-availability j-product-details\">\n<li class=\"cc-shop-product-pool j-product-pool j-product-pool-status-1 cc-shop-product-pool-variant-1\">momentan\u00e9ment indisponible<\/li>\n<li class=\"cc-product-delivery-time-info j-product-delivery-time cc-delivery-time-variant-1 j-product-delivery-time-status-1\">1 \u00e0 3 jours de d\u00e9lai de livraison<\/li>\n<li>Attache velcro<\/li>\n<li>64 pcs<\/li>\n<\/ul>\n","protected":false},"featured_media":237,"comment_status":"closed","ping_status":"closed","template":"","meta":[],"product_cat":[27,72],"product_tag":[129,132,127],"_links":{"self":[{"href":"https:\/\/www.miniplume.com\/fr\/wp-json\/wp\/v2\/product\/236"}],"collection":[{"href":"https:\/\/www.miniplume.com\/fr\/wp-json\/wp\/v2\/product"}],"about":[{"href":"https:\/\/www.miniplume.com\/fr\/wp-json\/wp\/v2\/types\/product"}],"replies":[{"embeddable":true,"href":"https:\/\/www.miniplume.com\/fr\/wp-json\/wp\/v2\/comments?post=236"}],"wp:featuredmedia":[{"embeddable":true,"href":"https:\/\/www.miniplume.com\/fr\/wp-json\/wp\/v2\/media\/237"}],"wp:attachment":[{"href":"https:\/\/www.miniplume.com\/fr\/wp-json\/wp\/v2\/media?parent=236"}],"wp:term":[{"taxonomy":"product_cat","embeddable":true,"href":"https:\/\/www.miniplume.com\/fr\/wp-json\/wp\/v2\/product_cat?post=236"},{"taxonomy":"product_tag","embeddable":true,"href":"https:\/\/www.miniplume.com\/fr\/wp-json\/wp\/v2\/product_tag?post=236"}],"curies":[{"name":"wp","href":"https:\/\/api.w.org\/{rel}","templated":true}]}}