{"id":62,"date":"2014-09-17T10:36:16","date_gmt":"2014-09-17T10:36:16","guid":{"rendered":"http:\/\/boutique-kids.dtbaker.net\/?page_id=19"},"modified":"2020-03-17T13:48:44","modified_gmt":"2020-03-17T10:48:44","slug":"home","status":"publish","type":"page","link":"https:\/\/www.miniplume.com\/fr\/","title":{"rendered":"Home"},"content":{"rendered":"<p>[vc_row][vc_column][vc_column_text]<\/p>\n\t\t\t\t\t<script type=\"text\/javascript\">\n\t\t\t\t\t\tjQuery(window).load(function () {\n\t\t\t\t\t\t\tjQuery('.flexslider').flexslider({\n\t\t\t\t\t\t\t\tcontrolNav: false\n\t\t\t\t\t\t\t});\n\t\t\t\t\t\t});\n\t\t\t\t\t<\/script>\n\n\t\t\t\t\t<div id=\"gallery-62-3\"\n\t\t\t\t\t     class=\"gallery gallery-slider galleryid-62 gallery-count-3 gallery-size-full fancy_border\">\n\t\t\t\t\t\t<div class=\"flexslider\">\n\t\t\t\t\t\t\t<ul class=\"slides\">\n\t\t\t\t\t\t\t\t\t\t\t\t\t\t\t\t\t<li>\n\t\t\t\t\t\t\t\t\t\t\t\t\t\t\t\t\t\t\t\t\t<img src=\"https:\/\/www.miniplume.com\/wp-content\/uploads\/2014\/09\/sli1-e1519896867109.jpg\"\n\t\t\t\t\t\t\t\t\t\t\t     alt=\"de classe premium\"\n\t\t\t\t\t\t\t\t\t\t\t     title=\"de classe premium\"\n\t\t\t\t\t\t\t\t\t\t\t     width=\"700\" height=\"299\">\n\t\t\t\t\t\t\t\t\t\t\t\t\t\t\t\t\t\t\t\t\t\t\t\t\t\t\t\t\t\t\t\n\t\t\t\t\t\t\t\t\t\t\t\t<p class=\"flex-caption\">\n\t\t\t\t\t\t\t\t\t\t\t\t\t\t\t\t\t\t\t\t\t\t\t\t\t\t\t<span>Couches japonaises<\/span> de classe premium\t\t\t\t\t\t\t\t\t\t\t\t<\/p>\n\t\t\t\t\t\t\t\t\t\t\t\t\t\t\t\t\t\t\t\t\t\t\t\t\t\t\t\t\t\t<\/li>\n\t\t\t\t\t\t\t\t\t\t\t\t\t\t\t\t\t<li>\n\t\t\t\t\t\t\t\t\t\t\t\t\t\t\t\t\t\t\t\t\t<img src=\"https:\/\/www.miniplume.com\/wp-content\/uploads\/2014\/09\/sli2-e1519896897342.jpg\"\n\t\t\t\t\t\t\t\t\t\t\t     alt=\"de classe premium\"\n\t\t\t\t\t\t\t\t\t\t\t     title=\"de classe premium\"\n\t\t\t\t\t\t\t\t\t\t\t     width=\"700\" height=\"299\">\n\t\t\t\t\t\t\t\t\t\t\t\t\t\t\t\t\t\t\t\t\t\t\t\t\t\t\t\t\t\t\t\n\t\t\t\t\t\t\t\t\t\t\t\t<p class=\"flex-caption\">\n\t\t\t\t\t\t\t\t\t\t\t\t\t\t\t\t\t\t\t\t\t\t\t\t\t\t\t<span>Couches japonaises<\/span> de classe premium\t\t\t\t\t\t\t\t\t\t\t\t<\/p>\n\t\t\t\t\t\t\t\t\t\t\t\t\t\t\t\t\t\t\t\t\t\t\t\t\t\t\t\t\t\t<\/li>\n\t\t\t\t\t\t\t\t\t\t\t\t\t\t\t<\/ul>\n\t\t\t\t\t\t<\/div>\n\t\t\t\t\t<\/div>\n\t\t\t\t\t\n<p>[\/vc_column_text][vc_wp_text]<\/p>\n\n\t\t<div id='gallery-62-4' class='gallery galleryid-62 gallery-columns-3 gallery-size-thumbnail gallery-dtbaker-pretty'><dl class='gallery-item'>\n\t\t\t\t<dt class='dtbaker-pretty-title'>\n\t\t\t\tMerries\n\t\t\t\t<\/dt>\n\t\t\t<dd class='gallery-icon'><div class='gallery-icon-inner' style='background-color: '>\n\t\t\t\t<a href=\"http:\/\/miniplume.com\/boutique\/merries\/\" title=\"\" class=\"nopopup\"><img width=\"150\" height=\"150\" src=\"https:\/\/www.miniplume.com\/wp-content\/uploads\/2014\/09\/MerriesCategorie-150x150.jpg\" class=\"\" alt=\"Merries\" loading=\"lazy\" srcset=\"https:\/\/www.miniplume.com\/wp-content\/uploads\/2014\/09\/MerriesCategorie-150x150.jpg 150w, https:\/\/www.miniplume.com\/wp-content\/uploads\/2014\/09\/MerriesCategorie-180x180.jpg 180w\" sizes=\"(max-width: 150px) 100vw, 150px\" \/><\/a>  <\/div><\/dd><\/dl><dl class='gallery-item'>\n\t\t\t\t<dt class='dtbaker-pretty-title'>\n\t\t\t\tMoony\n\t\t\t\t<\/dt>\n\t\t\t<dd class='gallery-icon'><div class='gallery-icon-inner' style='background-color: '>\n\t\t\t\t<a href=\"http:\/\/miniplume.com\/boutique\/moony\/\" title=\"\" class=\"nopopup\"><img width=\"150\" height=\"150\" src=\"https:\/\/www.miniplume.com\/wp-content\/uploads\/2014\/09\/moony--150x150.jpg\" class=\"\" alt=\"Moony\" loading=\"lazy\" srcset=\"https:\/\/www.miniplume.com\/wp-content\/uploads\/2014\/09\/moony--150x150.jpg 150w, https:\/\/www.miniplume.com\/wp-content\/uploads\/2014\/09\/moony--180x180.jpg 180w\" sizes=\"(max-width: 150px) 100vw, 150px\" \/><\/a>  <\/div><\/dd><\/dl><dl class='gallery-item gallery-item-last'>\n\t\t\t\t<dt class='dtbaker-pretty-title'>\n\t\t\t\tGoon\n\t\t\t\t<\/dt>\n\t\t\t<dd class='gallery-icon'><div class='gallery-icon-inner' style='background-color: '>\n\t\t\t\t<a href=\"http:\/\/miniplume.com\/boutique\/goon\/\" title=\"\" class=\"nopopup\"><img width=\"150\" height=\"150\" src=\"https:\/\/www.miniplume.com\/wp-content\/uploads\/2014\/09\/GoonCategorie-150x150.jpg\" class=\"\" alt=\"Goon\" loading=\"lazy\" srcset=\"https:\/\/www.miniplume.com\/wp-content\/uploads\/2014\/09\/GoonCategorie-150x150.jpg 150w, https:\/\/www.miniplume.com\/wp-content\/uploads\/2014\/09\/GoonCategorie-180x180.jpg 180w\" sizes=\"(max-width: 150px) 100vw, 150px\" \/><\/a>  <\/div><\/dd><\/dl>\n\t\t\t<br style='clear: both;' \/>\n\t\t<\/div>\n\n<p>[\/vc_wp_text][\/vc_column][\/vc_row][vc_row][vc_column][vc_custom_heading text=\u00a0\u00bbEn exclusivit\u00e9 en France, les meilleurs couches b\u00e9b\u00e9 japonaises de classe premium.\u00a0\u00bb font_container=\u00a0\u00bbtag:h1|text_align:left\u00a0\u00bb google_fonts=\u00a0\u00bbfont_family:Lobster%3Aregular|font_style:400%20regular%3A400%3Anormal\u00a0\u00bb][\/vc_column][\/vc_row][vc_row][vc_column width=\u00a0\u00bb2\/3&Prime;][vc_column_text]<\/p>\n<h3><strong>Nous vous faisons d\u00e9couvrir une nouvelle gamme de couches pour b\u00e9b\u00e9 venu du Japon, pays r\u00e9put\u00e9 pour son excellence, son savoir faire et sa qualit\u00e9.<\/strong><\/h3>\n<h3>Nous avons test\u00e9 et s\u00e9lectionn\u00e9 pour vous les trois marques leader de couches japonaises: <strong>MERRIES<\/strong>, <strong>MOONY<\/strong> et <strong>GOON<\/strong>, qui ont d\u00e9j\u00e0 s\u00e9duit des millions de mamans dans le monde entier.<\/h3>\n<h3>L\u00e9g\u00e8re, douce et agr\u00e9able, chaque mod\u00e8le r\u00e9pond \u00e0 l\u2019exigence et aux besoins de votre b\u00e9b\u00e9 pour lui assurer confort et bien \u00eatre \u00e0 chaque \u00e9tape de son \u00e9volution.<\/h3>\n<p>[\/vc_column_text][\/vc_column][vc_column width=\u00a0\u00bb1\/3&Prime;][vc_single_image source=\u00a0\u00bbexternal_link\u00a0\u00bb alignment=\u00a0\u00bbright\u00a0\u00bb custom_src=\u00a0\u00bb\/wp-content\/uploads\/2014\/09\/bird-branch-1-300&#215;172.png\u00a0\u00bb][\/vc_column][\/vc_row][vc_row][vc_column][vc_column_text]<\/p>\n<div class=\"dtbaker_line_bird\"><\/div>\n<p>[\/vc_column_text][vc_column_text]<\/p>\n<h3><span style=\"color: #000080;\"><strong>Livraison rapide sur la Cote d&rsquo;Azur!<\/strong><\/span><\/h3>\n<h3><\/h3>\n<p>[\/vc_column_text][vc_column_text]<\/p>\n<h2 class=\"surtit\">~Nos Meilleures ventes~<\/h2>\n<p>[\/vc_column_text][\/vc_column][\/vc_row][vc_row][vc_column width=\u00a0\u00bb1\/2&Prime;][vc_single_image source=\u00a0\u00bbexternal_link\u00a0\u00bb alignment=\u00a0\u00bbcenter\u00a0\u00bb onclick=\u00a0\u00bbcustom_link\u00a0\u00bb custom_src=\u00a0\u00bb\/img1.jpg\u00a0\u00bb link=\u00a0\u00bb\/boutique\/merries\/merries-taille-m-pull-up\/\u00a0\u00bb][\/vc_column][vc_column width=\u00a0\u00bb1\/2&Prime;][vc_single_image source=\u00a0\u00bbexternal_link\u00a0\u00bb alignment=\u00a0\u00bbcenter\u00a0\u00bb onclick=\u00a0\u00bbcustom_link\u00a0\u00bb custom_src=\u00a0\u00bb\/img2.jpg\u00a0\u00bb link=\u00a0\u00bb\/boutique\/moony\/moony-new-born\/\u00a0\u00bb][\/vc_column][\/vc_row][vc_row][vc_column][vc_separator][vc_wp_text]<\/p>\n<h3><span style=\"color: #000080;\"><b>Fini les fesses rouges!<\/b><\/span><\/h3>\n<h3><img src=\"\/nize.jpg\" alt=\"\" align=\"right\" \/><br \/>\nAfin de prot\u00e9ger la peau douce de b\u00e9b\u00e9, les couches japonaises poss\u00e8dent un absorbant particuli\u00e8rement performant issu de nouvelles technologies. Respirantes et \u00ab\u00a0ventil\u00e9es\u00a0\u00bb les couches garderont votre b\u00e9b\u00e9 au sec tout au long de la journ\u00e9e.<\/h3>\n<p>[\/vc_wp_text][vc_column_text]<\/p>\n<h3><span style=\"color: #000080;\"><b>Essayez, vous sentirez la diff\u00e9rence et votre b\u00e9b\u00e9 aussi!<\/b><\/span><\/h3>\n<p>[\/vc_column_text][vc_column_text]<\/p>\n<div class=\"dtbaker_line_bird\"><\/div>\n<p>[\/vc_column_text][vc_custom_heading text=\u00a0\u00bbNos nouveaut\u00e9s\u00a0\u00bb google_fonts=\u00a0\u00bbfont_family:Lobster%3Aregular|font_style:400%20regular%3A400%3Anormal\u00a0\u00bb]<div class=\"woocommerce columns-4 \"><ul class=\"products columns-4\">\n<li class=\"post_count_is_0 boutique_post_style_1 boutique_image_style_2 product type-product post-653 status-publish first outofstock product_cat-moony product_cat-moony-couhes-culottes-filles product_cat-moony-couches-culottes-garcon product_tag-culottes product_tag-m product_tag-moony has-post-thumbnail taxable shipping-taxable purchasable product-type-simple\">\n\t<div class=\"boutique_product_category\">Moony &raquo; Couches-culottes filles &raquo; Couches-culottes gar\u00e7ons<\/div><\/li>\n<li class=\"boutique_post_style_last post_count_is_1 boutique_post_style_1 boutique_image_style_2 product type-product post-352 status-publish instock product_cat-pour-vos-bebes product_tag-bebe product_tag-pansement has-post-thumbnail taxable shipping-taxable purchasable product-type-simple\">\n\t<div class=\"boutique_product_category\">Pour vos b\u00e9b\u00e9s<\/div><\/li>\n<li class=\"boutique_post_style_clear post_count_is_2 boutique_post_style_1 boutique_image_style_2 product type-product post-350 status-publish instock product_cat-pour-vos-bebes product_tag-bebe product_tag-lingettes product_tag-m product_tag-merries product_tag-nb product_tag-s product_tag-xl product_tag-xxl product_tag-xxxl has-post-thumbnail taxable shipping-taxable purchasable product-type-simple\">\n\t<div class=\"boutique_product_category\">Pour vos b\u00e9b\u00e9s<\/div><\/li>\n<li class=\"boutique_post_style_last post_count_is_3 boutique_post_style_1 boutique_image_style_2 product type-product post-348 status-publish last outofstock product_cat-pour-vos-bebes product_tag-bebe product_tag-l product_tag-lingettes product_tag-m product_tag-moony product_tag-nb product_tag-s product_tag-xl product_tag-xxl has-post-thumbnail taxable shipping-taxable purchasable product-type-simple\">\n\t<div class=\"boutique_product_category\">Pour vos b\u00e9b\u00e9s<\/div><\/li>\n<\/ul>\n<\/div>[\/vc_column][\/vc_row]<\/p>","protected":false},"excerpt":{"rendered":"<p>[vc_row][vc_column][vc_column_text] [\/vc_column_text][vc_wp_text] [\/vc_wp_text][\/vc_column][\/vc_row][vc_row][vc_column][vc_custom_heading text=\u00a0\u00bbEn exclusivit\u00e9 en France, les meilleurs couches b\u00e9b\u00e9 japonaises de classe premium.\u00a0\u00bb font_container=\u00a0\u00bbtag:h1|text_align:left\u00a0\u00bb google_fonts=\u00a0\u00bbfont_family:Lobster%3Aregular|font_style:400%20regular%3A400%3Anormal\u00a0\u00bb][\/vc_column][\/vc_row][vc_row][vc_column width=\u00a0\u00bb2\/3&Prime;][vc_column_text] Nous vous faisons d\u00e9couvrir une nouvelle gamme de couches pour b\u00e9b\u00e9 venu du Japon, pays r\u00e9put\u00e9 pour son excellence, son savoir faire et sa qualit\u00e9. Nous avons test\u00e9 et s\u00e9lectionn\u00e9[\u2026]<\/p>\n","protected":false},"author":1,"featured_media":0,"parent":0,"menu_order":0,"comment_status":"closed","ping_status":"closed","template":"","meta":[],"_links":{"self":[{"href":"https:\/\/www.miniplume.com\/fr\/wp-json\/wp\/v2\/pages\/62"}],"collection":[{"href":"https:\/\/www.miniplume.com\/fr\/wp-json\/wp\/v2\/pages"}],"about":[{"href":"https:\/\/www.miniplume.com\/fr\/wp-json\/wp\/v2\/types\/page"}],"author":[{"embeddable":true,"href":"https:\/\/www.miniplume.com\/fr\/wp-json\/wp\/v2\/users\/1"}],"replies":[{"embeddable":true,"href":"https:\/\/www.miniplume.com\/fr\/wp-json\/wp\/v2\/comments?post=62"}],"version-history":[{"count":88,"href":"https:\/\/www.miniplume.com\/fr\/wp-json\/wp\/v2\/pages\/62\/revisions"}],"predecessor-version":[{"id":1205,"href":"https:\/\/www.miniplume.com\/fr\/wp-json\/wp\/v2\/pages\/62\/revisions\/1205"}],"wp:attachment":[{"href":"https:\/\/www.miniplume.com\/fr\/wp-json\/wp\/v2\/media?parent=62"}],"curies":[{"name":"wp","href":"https:\/\/api.w.org\/{rel}","templated":true}]}}