{"id":282,"date":"2017-11-02T17:55:40","date_gmt":"2017-11-02T14:55:40","guid":{"rendered":"http:\/\/miniplume.com\/?page_id=282"},"modified":"2017-11-02T19:03:53","modified_gmt":"2017-11-02T16:03:53","slug":"inform-transp","status":"publish","type":"page","link":"https:\/\/www.miniplume.com\/fr\/inform-transp\/","title":{"rendered":"Informations e-boutique &#8211; Couches b\u00e9b\u00e9 japonaises de haute qualit\u00e9"},"content":{"rendered":"<p><\/p>\n<h2 class=\"n\">Frais de port<\/h2>\n<div class=\"n\"><strong>\u00c0 destination de France<\/strong><br \/>\nFrais de port individuel pour cet article: 8,50 \u20ac<\/div>\n<div class=\"n\">Frais de port selon le poids des marchandises:<br \/>\n&gt; 0 jusqu&rsquo;\u00e0 2 kg: 8,50 \u20ac<br \/>\n&gt; 2 jusqu&rsquo;\u00e0 4 kg: 10,00 \u20ac<br \/>\n&gt; 4 jusqu&rsquo;\u00e0 50 kg: 10,00 \u20ac<br \/>\n&gt; 50 jusqu&rsquo;\u00e0 \u221e kg: 0,00 \u20ac<\/div>\n<div class=\"n\">Plafond des frais de port par commande: 15,00 \u20ac<\/div>\n<div class=\"n\">\n<p>Frais de port gratuits \u00e0 partir de: 70,00 \u20ac<\/p>\n<hr \/>\n<\/div>\n<p>&nbsp;<\/p>\n<h2 class=\"n\">Envoi \u00e0 l&rsquo;\u00e9tranger<\/h2>\n<div class=\"n\">Pour les livraisons \u00e0 l&rsquo;\u00e9tranger, des frais de douane, des taxes de toutes sortes peuvent \u00eatre demand\u00e9es, qui n&rsquo;apparaissent pas dans le prix total.<\/div>\n<p>&nbsp;<\/p>\n<div class=\"n\"><strong>\u00c0 destination de Autriche<\/strong><br \/>\nFrais de port standards: 25,00 \u20ac<\/p>\n<hr \/>\n<p><strong>\u00c0 destination de Italie<\/strong><br \/>\nFrais de port standards: 25,00 \u20ac<\/p>\n<hr \/>\n<p><strong>\u00c0 destination de Slov\u00e9nie<\/strong><br \/>\nFrais de port standards: 25,00 \u20ac<\/p>\n<hr \/>\n<p><strong>\u00c0 destination de Portugal<\/strong><br \/>\nFrais de port standards: 25,00 \u20ac<\/p>\n<hr \/>\n<p><strong>\u00c0 destination de Pologne<\/strong><br \/>\nFrais de port standards: 25,00 \u20ac<\/p>\n<hr \/>\n<p><strong>\u00c0 destination de Pays-Bas<\/strong><br \/>\nFrais de port standards: 25,00 \u20ac<\/p>\n<hr \/>\n<p><strong>\u00c0 destination de Monaco<\/strong><br \/>\nFrais de port standards: 12,00 \u20ac<br \/>\nFrais de port selon le poids des marchandises:<br \/>\n&gt; 0 jusqu&rsquo;\u00e0 2 kg: 12,00 \u20ac<br \/>\n&gt; 2 jusqu&rsquo;\u00e0 6 kg: 15,00 \u20ac<br \/>\n&gt; 6 jusqu&rsquo;\u00e0 30 kg: 20,00 \u20ac<\/p>\n<p>Plafond des frais de port par commande: 23,00 \u20ac<\/p>\n<hr \/>\n<p><strong>\u00c0 destination de Luxembourg<\/strong><br \/>\nFrais de port standards: 25,00 \u20ac<\/p>\n<hr \/>\n<p><strong>\u00c0 destination de Irlande<\/strong><br \/>\nFrais de port standards: 25,00 \u20ac<\/p>\n<hr \/>\n<p><strong>\u00c0 destination de Belgique<\/strong><br \/>\nFrais de port standards: 25,00 \u20ac<\/p>\n<hr \/>\n<p><strong>\u00c0 destination de Hongrie<\/strong><br \/>\nFrais de port standards: 25,00 \u20ac<\/p>\n<hr \/>\n<p><strong>\u00c0 destination de Royaume-Uni<\/strong><br \/>\nFrais de port standards: 25,00 \u20ac<\/p>\n<hr \/>\n<p><strong>\u00c0 destination de Espagne<\/strong><br \/>\nFrais de port standards: 25,00 \u20ac<\/p>\n<hr \/>\n<p><strong>\u00c0 destination de Danemark<\/strong><br \/>\nFrais de port standards: 25,00 \u20ac<\/p>\n<hr \/>\n<p><strong>\u00c0 destination de Allemagne<\/strong><br \/>\nFrais de port standards: 25,00 \u20ac<\/p>\n<hr \/>\n<p><strong>\u00c0 destination de R\u00e9publique tch\u00e8que<\/strong><br \/>\nFrais de port standards: 25,00 \u20ac<\/p>\n<hr \/>\n<p><strong>\u00c0 destination de Slovaquie<\/strong><br \/>\nFrais de port standards: 25,00 \u20ac<\/p>\n<\/div>\n<p><\/p>","protected":false},"excerpt":{"rendered":"<p>Frais de port \u00c0 destination de France Frais de port individuel pour cet article: 8,50 \u20ac Frais de port selon le poids des marchandises: &gt; 0 jusqu&rsquo;\u00e0 2 kg: 8,50 \u20ac &gt; 2 jusqu&rsquo;\u00e0 4 kg: 10,00 \u20ac &gt; 4 jusqu&rsquo;\u00e0 50 kg: 10,00 \u20ac &gt; 50 jusqu&rsquo;\u00e0[\u2026]<\/p>\n","protected":false},"author":1,"featured_media":0,"parent":0,"menu_order":0,"comment_status":"closed","ping_status":"closed","template":"","meta":[],"_links":{"self":[{"href":"https:\/\/www.miniplume.com\/fr\/wp-json\/wp\/v2\/pages\/282"}],"collection":[{"href":"https:\/\/www.miniplume.com\/fr\/wp-json\/wp\/v2\/pages"}],"about":[{"href":"https:\/\/www.miniplume.com\/fr\/wp-json\/wp\/v2\/types\/page"}],"author":[{"embeddable":true,"href":"https:\/\/www.miniplume.com\/fr\/wp-json\/wp\/v2\/users\/1"}],"replies":[{"embeddable":true,"href":"https:\/\/www.miniplume.com\/fr\/wp-json\/wp\/v2\/comments?post=282"}],"version-history":[{"count":5,"href":"https:\/\/www.miniplume.com\/fr\/wp-json\/wp\/v2\/pages\/282\/revisions"}],"predecessor-version":[{"id":309,"href":"https:\/\/www.miniplume.com\/fr\/wp-json\/wp\/v2\/pages\/282\/revisions\/309"}],"wp:attachment":[{"href":"https:\/\/www.miniplume.com\/fr\/wp-json\/wp\/v2\/media?parent=282"}],"curies":[{"name":"wp","href":"https:\/\/api.w.org\/{rel}","templated":true}]}}