{"id":178,"date":"2017-10-30T11:08:14","date_gmt":"2017-10-30T08:08:14","guid":{"rendered":"http:\/\/miniplume.com\/?page_id=178"},"modified":"2018-08-07T22:13:37","modified_gmt":"2018-08-07T19:13:37","slug":"about","status":"publish","type":"page","link":"https:\/\/www.miniplume.com\/fr\/about\/","title":{"rendered":"Mentions l\u00e9gales"},"content":{"rendered":"<p><\/p>\n<h2><strong>Mentions l\u00e9gales<\/strong><\/h2>\n<p>Adresse de la soci\u00e9t\u00e9 :<br \/>\n<strong> SAS MINIPLUME<br \/>\n<\/strong><strong> 25 rue Jules Ferry<br \/>\n<\/strong><strong> 06110 Le Cannet<br \/>\n<\/strong> France<\/p>\n<p>Mentions inscrites au registre<\/p>\n<ul>\n<li>Mentions R.C.S. : 828 889 154 R.C.S<\/li>\n<li>Nom de la soci\u00e9t\u00e9 : <strong>MINIPLUME<\/strong><\/li>\n<li>Nom commercial : <strong>MINIPLUME<\/strong><\/li>\n<li>N\u00b0 SIREN : <strong>828 889 154 00013<\/strong><\/li>\n<li>Capital social : \u20ac 5,000.00<\/li>\n<li>Adresse du si\u00e8ge social : 25 rue Jules Ferry 06110 Le Cannet, France<\/li>\n<li>TVA : <strong>FR 15 828 889 154<\/strong><\/li>\n<\/ul>\n<h1><strong>Conditions g\u00e9n\u00e9rales de vente<\/strong><\/h1>\n<p>1 &#8211; OBJET :<br \/>\nLes conditions g\u00e9n\u00e9rales de ventes du site miniplume.com s&rsquo;appliquent \u00e0 l&rsquo;ensemble des commandes et sont soumises aux conditions \u00e9num\u00e9r\u00e9es ci-apr\u00e8s. Elles pr\u00e9valent sur toute autre stipulation \u00e9crite ou non, faite par le client. Toute commande implique l&rsquo;acceptation enti\u00e8re de ces conditions de ventes \u00e0 l&rsquo;exception de conditions particuli\u00e8res \u00e9crites par le vendeur au moment de la commande.<\/p>\n<p>2 &#8211; COMMANDE :<br \/>\nLes commandes pass\u00e9es sur le site internet ou par t\u00e9l\u00e9phone sont fermes d\u00e8s r\u00e9ception du paiement. miniplume.com est un site de vente par correspondance. Il appartient au client de d\u00e9finir lui-m\u00eame ses besoins, choisir ses produits sous sa propre responsabilit\u00e9.<\/p>\n<p>3 &#8211; LIVRAISON :<br \/>\nTous les envois sont effectu\u00e9s par transporteur \u00e0 l&rsquo;adresse indiqu\u00e9e par le client dans la rubrique \u00ab Votre adresse de livraison \u00bb. Pour les produits indiqu\u00e9s \u00ab en stock \u00bb, apr\u00e8s la validation de la commande, le d\u00e9lai moyen de livraison est de 3 \u00e0 5 jours ouvr\u00e9s. Aucun retard dans le traitement ou la livraison des commandes ne donne droit \u00e0 une quelconque indemnisation. Les colis retourn\u00e9s \u00e0 notre entrep\u00f4t suite \u00e0 un probl\u00e8me d&rsquo;adresse font l&rsquo;objet d&rsquo;un remboursement hors frais de port.<\/p>\n<p>4 &#8211; PRIX :<br \/>\nLes prix factur\u00e9s au moment de la commande sont ceux indiqu\u00e9s sur le site internet. Cependant ces derniers peuvent \u00eatre modifi\u00e9s \u00e0 tout moment en cas de conditions particuli\u00e8res li\u00e9es \u00e0 certains facteurs \u00e9conomiques : droits et taxes&#8230; Tous les prix sont indiqu\u00e9s en Euros TTC et n&rsquo;incluent pas les frais de transport.<\/p>\n<p>5 &#8211; Retour :<br \/>\n\u2022 Le retour ne pourra concerner que les produits n&rsquo;ayant subi aucune alt\u00e9ration et parvenant dans leur emballage d&rsquo;origine non ouvert. Les frais et risques de transport sont \u00e0 la charge du client. Les seuls frais de transport pris \u00e0 la charge de la soci\u00e9t\u00e9 <strong>MINIPLUME<\/strong> sont les frais de r\u00e9exp\u00e9dition de produits retourn\u00e9s \u00e0 la charge du client pour \u00e9change suite \u00e0 un vice r\u00e9el du produit. Aucun produit ne pourra \u00eatre \u00e9chang\u00e9 avant son retour au sein des locaux de la soci\u00e9t\u00e9 <strong>MINIPLUME<\/strong>.<br \/>\n\u2022 Toute r\u00e9clamation, sur les vices apparents ou sur la non-conformit\u00e9 du produit livr\u00e9, en rapport avec le produit command\u00e9, devra \u00eatre stipul\u00e9e par lettre recommand\u00e9e avec accus\u00e9 de r\u00e9ception dans les 7 jours. Le mat\u00e9riel ne pourra \u00eatre repris ou \u00e9chang\u00e9 sans l&rsquo;accord express du responsable de la soci\u00e9t\u00e9 <strong>MINIPLUME<\/strong>.<\/p>\n<p>6- PAIEMENT :<br \/>\nLe paiement est comptant \u00e0 la commande, net et sans escompte. A d\u00e9faut de r\u00e8glement, le site miniplume.com ne prendra pas en compte la commande. L&rsquo;ensemble des frais que le site miniplume.com jugera utile d&rsquo;engager pour r\u00e9cup\u00e9rer le paiement sont \u00e0 la charge du client.<\/p>\n<p>7 &#8211; GARANTIE :<br \/>\nLe client dispose d\u2019une p\u00e9riode de 7 jours pour retourner sa commande et r\u00e9clamer son remboursement. Il devra respecter pour cela la clause 5 \u00ab Retour \u00bb. La soci\u00e9t\u00e9 <strong>MINIPLUME<\/strong> ne pourra dans aucun cas \u00eatre tenu pour responsable de dommages impr\u00e9visibles, indirects ou immat\u00e9riels, de dommages li\u00e9s \u00e0 un emploi d\u00e9fectueux du produit vendu, \u00e0 la non-conformit\u00e9 aux besoins du client du produit vendu ou de tout autre dommage li\u00e9 \u00e0 une cause ind\u00e9pendante de la soci\u00e9t\u00e9 <strong>MINIPLUME<\/strong>. Les photos sont non-contractuelles. Vous disposez d\u2019un droit d\u2019acc\u00e8s, de modification, de rectification et de suppression des donn\u00e9es qui vous concernent (art. 34 de la loi &lsquo;Informatique et Libert\u00e9s&rsquo; du 6 janvier 1978).<\/p>\n<p>8 &#8211; RESERVE DE PROPRIETE :<br \/>\nLa soci\u00e9t\u00e9 <strong>MINIPLUME<\/strong> se r\u00e9serve express\u00e9ment la propri\u00e9t\u00e9 des marchandises livr\u00e9es jusqu&rsquo;au paiement int\u00e9gral de leur prix en principal et int\u00e9r\u00eats. La simple remise d&rsquo;un titre de paiement ne constitue pas un paiement. Les dispositions ci-dessus ne font pas obstacle au transfert \u00e0 l&rsquo;acheteur des risques de perte ou de d\u00e9t\u00e9rioration.<\/p>\n<p>9 &#8211; FORCE MAJEURE :<br \/>\nLa soci\u00e9t\u00e9 <strong>MINIPLUME<\/strong> d\u00e9gage toute responsabilit\u00e9 pour tout manquement \u00e0 ses obligations contractuelles dans l\u2019hypoth\u00e8se d\u2019une force majeure ou fortuite, y compris, mais sans y \u00eatre limit\u00e9es, catastrophes, incendies, gr\u00e8ve interne ou externe, d\u00e9faillances ou pannes internes ou externes, et d\u2019une mani\u00e8re g\u00e9n\u00e9rale tout \u00e9v\u00e9nement ne permettant pas la bonne ex\u00e9cution des commandes.<\/p>","protected":false},"excerpt":{"rendered":"<p>Mentions l\u00e9gales Adresse de la soci\u00e9t\u00e9 : SAS MINIPLUME 25 rue Jules Ferry 06110 Le Cannet France Mentions inscrites au registre Mentions R.C.S. : 828 889 154 R.C.S Nom de la soci\u00e9t\u00e9 : MINIPLUME Nom commercial : MINIPLUME N\u00b0 SIREN : 828 889 154 00013 Capital social :[\u2026]<\/p>\n","protected":false},"author":1,"featured_media":0,"parent":0,"menu_order":0,"comment_status":"closed","ping_status":"closed","template":"","meta":[],"_links":{"self":[{"href":"https:\/\/www.miniplume.com\/fr\/wp-json\/wp\/v2\/pages\/178"}],"collection":[{"href":"https:\/\/www.miniplume.com\/fr\/wp-json\/wp\/v2\/pages"}],"about":[{"href":"https:\/\/www.miniplume.com\/fr\/wp-json\/wp\/v2\/types\/page"}],"author":[{"embeddable":true,"href":"https:\/\/www.miniplume.com\/fr\/wp-json\/wp\/v2\/users\/1"}],"replies":[{"embeddable":true,"href":"https:\/\/www.miniplume.com\/fr\/wp-json\/wp\/v2\/comments?post=178"}],"version-history":[{"count":7,"href":"https:\/\/www.miniplume.com\/fr\/wp-json\/wp\/v2\/pages\/178\/revisions"}],"predecessor-version":[{"id":707,"href":"https:\/\/www.miniplume.com\/fr\/wp-json\/wp\/v2\/pages\/178\/revisions\/707"}],"wp:attachment":[{"href":"https:\/\/www.miniplume.com\/fr\/wp-json\/wp\/v2\/media?parent=178"}],"curies":[{"name":"wp","href":"https:\/\/api.w.org\/{rel}","templated":true}]}}