{"id":171,"date":"2017-10-30T11:02:48","date_gmt":"2017-10-30T08:02:48","guid":{"rendered":"http:\/\/miniplume.com\/?page_id=171"},"modified":"2018-12-17T19:14:04","modified_gmt":"2018-12-17T16:14:04","slug":"deliveryinfo","status":"publish","type":"page","link":"https:\/\/www.miniplume.com\/fr\/deliveryinfo\/","title":{"rendered":"Conditions de livraison et de paiement"},"content":{"rendered":"<p><\/p>\n<div id=\"cc-shop-shipping-free-text\">\n<h2 class=\"n\"><strong>Indications sp\u00e9cifiques pour l&rsquo;envoi \u00e0 l&rsquo;\u00e9tranger<\/strong><\/h2>\n<p class=\"n\">Pour les livraisons \u00e0 l&rsquo;\u00e9tranger, des frais de douane, des taxes de toutes sortes peuvent \u00eatre demand\u00e9es, qui n&rsquo;apparaissent pas dans le prix total.<\/p>\n<\/div>\n<p>&nbsp;<\/p>\n<div id=\"cc-shop-countries\">\n<h2 class=\"n\"><strong>Pays dans lesquels l&rsquo;envoi est possible<\/strong><\/h2>\n<ul>\n<li>Autriche<\/li>\n<li>Italie<\/li>\n<li>Slov\u00e9nie<\/li>\n<li>Portugal<\/li>\n<li>Pologne<\/li>\n<li>Pays-Bas<\/li>\n<li>Monaco<\/li>\n<li>Luxembourg<\/li>\n<li>Irlande<\/li>\n<li>Belgique<\/li>\n<li>Hongrie<\/li>\n<li>France<\/li>\n<li>Espagne<\/li>\n<li>Danemark<\/li>\n<li>Allemagne<\/li>\n<li>R\u00e9publique tch\u00e8que<\/li>\n<li>Slovaquie<\/li>\n<\/ul>\n<\/div>\n<p>En France: livraison \u00a0est gratuite \u00e0 partir de 62 euros. D\u00e9lai de livraison \u00a0est 1-3 jours ouvrables. Livraison standard moi de 62 euros &#8211; 12 euros.<\/p>\n<p>En Europe: livraison \u00a0coute 25 euros, d\u00e9lai de livraison est 3-10 jours ouvrables.<\/p>\n<div id=\"cc-shop-info-payment-methods\">\n<h2 class=\"n\"><strong>Modes de paiement:<\/strong><\/h2>\n<ul>\n<li>Carte de cr\u00e9dit<\/li>\n<li>PayPal (carte de cr\u00e9dit, virement, etc)\n<div>En s\u00e9lectionnant cette m\u00e9thode de paiement, vous serez redirig\u00e9 vers PayPal. Quand vous aurez entr\u00e9 les informations requises, vous serez redirig\u00e9 automatiquement sur cette e-boutique afin de terminer votre commande.<\/div>\n<\/li>\n<\/ul>\n<\/div>\n<p><\/p>","protected":false},"excerpt":{"rendered":"<p>Indications sp\u00e9cifiques pour l&rsquo;envoi \u00e0 l&rsquo;\u00e9tranger Pour les livraisons \u00e0 l&rsquo;\u00e9tranger, des frais de douane, des taxes de toutes sortes peuvent \u00eatre demand\u00e9es, qui n&rsquo;apparaissent pas dans le prix total. &nbsp; Pays dans lesquels l&rsquo;envoi est possible Autriche Italie Slov\u00e9nie Portugal Pologne Pays-Bas Monaco Luxembourg Irlande Belgique Hongrie[\u2026]<\/p>\n","protected":false},"author":1,"featured_media":0,"parent":0,"menu_order":0,"comment_status":"closed","ping_status":"closed","template":"","meta":[],"_links":{"self":[{"href":"https:\/\/www.miniplume.com\/fr\/wp-json\/wp\/v2\/pages\/171"}],"collection":[{"href":"https:\/\/www.miniplume.com\/fr\/wp-json\/wp\/v2\/pages"}],"about":[{"href":"https:\/\/www.miniplume.com\/fr\/wp-json\/wp\/v2\/types\/page"}],"author":[{"embeddable":true,"href":"https:\/\/www.miniplume.com\/fr\/wp-json\/wp\/v2\/users\/1"}],"replies":[{"embeddable":true,"href":"https:\/\/www.miniplume.com\/fr\/wp-json\/wp\/v2\/comments?post=171"}],"version-history":[{"count":12,"href":"https:\/\/www.miniplume.com\/fr\/wp-json\/wp\/v2\/pages\/171\/revisions"}],"predecessor-version":[{"id":797,"href":"https:\/\/www.miniplume.com\/fr\/wp-json\/wp\/v2\/pages\/171\/revisions\/797"}],"wp:attachment":[{"href":"https:\/\/www.miniplume.com\/fr\/wp-json\/wp\/v2\/media?parent=171"}],"curies":[{"name":"wp","href":"https:\/\/api.w.org\/{rel}","templated":true}]}}